{"id":58923,"date":"2019-07-12T17:29:08","date_gmt":"2019-07-12T17:29:08","guid":{"rendered":"https:\/\/michael-burghaus.com\/7mallorca2020\/restaurantes-que-nos-encantan\/"},"modified":"2025-09-02T16:36:19","modified_gmt":"2025-09-02T14:36:19","slug":"restaurantes-que-nos-encantan","status":"publish","type":"page","link":"https:\/\/7mallorca.com\/es\/restaurantes-que-nos-encantan\/","title":{"rendered":"Restaurantes que nos encantan"},"content":{"rendered":"<p>[vc_row][vc_column][vc_column_text]En todas nuestras casas hay una carpeta con recomendaciones y consejos que os ofrecemos para que teng\u00e1is una gu\u00eda integral de vuestra estad\u00eda en la Isla. En esta secci\u00f3n, os recomendaremos algunos de nuestros Restaurantes preferidos. \u00a1Los hemos probado todos!<\/p>\n<p>En gu\u00edas y revistas, as\u00ed como en muchos sitios web, encontrar\u00e1 otros consejos para experimentar Mallorca de una manera culinaria, aqu\u00ed ofrecemos nuestra selecci\u00f3n subjetiva.<\/p>\n<p>Tip: en Espa\u00f1a, se suele dar propina de 5 al 10% del coste de la comida. La propina se deja en la placa del cambio o vuelta.[\/vc_column_text]<div class=\"spacer\" style=\"height:15px;\"><\/div>[\/vc_column][\/vc_row][vc_row][vc_column width=\u00bb1\/3&#8243;][vc_column_text]<\/p>\n<h2>Restaurante Ca&#8217;n March<\/h2>\n<p><strong>Calle val\u00e8ncia, 7<\/strong><br \/>\n<strong>Manacor<\/strong><br \/>\n<strong>De martes a domingo de 13:00 a 15:30, viernes y s\u00e1bados de 20:30 a 23:00, Tel\u00e9fono: 971 550 002<\/strong><br \/>\n<strong>Precio: 25-40 \u20ac.<\/strong><\/p>\n<p><a href=\"http:\/\/canmarch.com\" target=\"_blank\" rel=\"noopener\">canmarch.com<\/a><\/p>\n<p>Arte, comunicaci\u00f3n y cultura &#8211; restaurante de tercera generaci\u00f3n.<\/p>\n<p>Can March ofrece una cocina mediterr\u00e1nea mallorquina que ha ganado varios premios. Aqu\u00ed se procesan creativamente productos locales, frescos y de temporada, de alta calidad.[\/vc_column_text][\/vc_column][vc_column width=\u00bb1\/3&#8243;][vc_column_text]<\/p>\n<h2><a href=\"http:\/\/www.sunshine-bar.net\/\" target=\"_blank\" rel=\"noopener\">Restaurante el sol<\/a><\/h2>\n<p><strong>Puig de Bonany, 1 hijo de Serra de Marina<\/strong><br \/>\n<strong>AT. 10: 00h a 01: 00h<\/strong><br \/>\n<strong>Tel.: 971 854 029<\/strong><br \/>\n<strong>Precio: 20-35 \u20ac<\/strong><\/p>\n<p>Buena ubicaci\u00f3n, justo en la playa. Tranquilo y f\u00e1cil. Buena comida, Wifi gratuito, y vistas al mar.[\/vc_column_text][\/vc_column][vc_column width=\u00bb1\/3&#8243;][vc_column_text]<\/p>\n<h2><a href=\"http:\/\/www.restaurantsallotjaportocolom.com\/de\/\" target=\"_blank\" rel=\"noopener\">Restaurante Sa Llotja<\/a><\/h2>\n<p><strong>c \/ Pescadores, primera l\u00ednea s \/ n, el restaurante con terraza en la azotea<\/strong><\/p>\n<p><strong>Porto Colom<\/strong><br \/>\n<strong>Mar &#8211; Dom 13.00h &#8211; 15.30h \/ 19.00h &#8211; 22.30h<\/strong><br \/>\n<strong>Cerrado los lunes<\/strong><\/p>\n<p><strong>Reservas:<\/strong><br \/>\n<strong>0034 690 76 29 30<\/strong><br \/>\n<strong>Precio: 25-35 \u20ac.<\/strong><\/p>\n<p><a href=\"http:\/\/www.restaurantsallotjaportocolom.com\" target=\"_blank\" rel=\"noopener\">www.restaurantsallotjaportocolom.com<\/a>[\/vc_column_text][\/vc_column][\/vc_row][vc_row][vc_column]<div class=\"spacer\" style=\"height:15px;\"><\/div>[\/vc_column][\/vc_row][vc_row][vc_column width=\u00bb1\/3&#8243;][vc_column_text]<\/p>\n<h2><a href=\"http:\/\/www.es-pati.com\/\" target=\"_blank\" rel=\"noopener\">Restaurante Es Pati<\/a><\/h2>\n<p><strong>Carrer Soler, 22<\/strong><br \/>\n<strong>Sant Lloren\u00e7 des Cardassar Mon. Hasta el s\u00e1bado de 19: 00h<\/strong><br \/>\n<strong>Tel.: 971 838 014<\/strong><br \/>\n<strong>Precio: 35-55 \u20ac.<\/strong><\/p>\n<p>Hay un men\u00fa de cinco platos todos los d\u00edas y siempre es muy bueno. Un ambiente relajado, un peque\u00f1o patio y un gran chef. Imprescindible reservar por tel\u00e9fono.<\/p>\n<p><a href=\"http:\/\/Es-pati.com\" target=\"_blank\" rel=\"noopener\">Es-pati.com<\/a>[\/vc_column_text][\/vc_column][vc_column width=\u00bb1\/3&#8243;][vc_column_text]<\/p>\n<h2>Restaurante Es Cruce<\/h2>\n<p><strong>Carretera Palma-Manacor, km. 41<\/strong><br \/>\n<strong>Diario 06: 00h a 24: 00h<\/strong><br \/>\n<strong>Tel.: 971 560 073<\/strong><br \/>\n<strong>Precio: 10-15 \u20ac<\/strong><\/p>\n<p>Aqu\u00ed encontrar\u00e1 diversos aperitivos, y cocina mallorquina excelente para el almuerzo y la cena. Es un restaurante de planta abierta, para 650 comensales. La comida se sirve r\u00e1pidamente. En una palabra: BUENO &#8211; BARATO &#8211; R\u00c1PIDO.<\/p>\n<p>Justo al lado puedes comprar frutas y verduras, tambi\u00e9n baratas y reci\u00e9n cosechadas diariamente.[\/vc_column_text][\/vc_column][vc_column width=\u00bb1\/3&#8243;][vc_column_text]<\/p>\n<h2>Las Golondrinas<\/h2>\n<p><strong>Carrer Bordils, Porto Cristo<\/strong><br \/>\n<strong>Tel.: 971 821 616<\/strong><br \/>\n<strong>Precio: 20-35 \u20ac<\/strong><\/p>\n<p>Recomendamos especialmente este restaurante. Pescado reci\u00e9n capturado, fresco y \u00a1simplemente aut\u00e9ntico!<\/p>\n<p><a href=\"https:\/\/www.tripadvisor.de\/Restaurant_Review-g580311-d6656530-Reviews-Las_Golondrinas-Porto_Cristo_Majorca_Balearic_Islands.html\" target=\"_blank\" rel=\"noopener\">Tripadvisor<\/a>[\/vc_column_text][\/vc_column][\/vc_row][vc_row][vc_column]<div class=\"spacer\" style=\"height:15px;\"><\/div>[\/vc_column][\/vc_row][vc_row][vc_column width=\u00bb1\/3&#8243;][vc_column_text]<\/p>\n<h2><a href=\"https:\/\/www.facebook.com\/plaervegetariamanacor\/\" target=\"_blank\" rel=\"noopener\">Plaer Vegetari\u00e0 \u00abVegan\u00bb<\/a><\/h2>\n<p><strong>Carrer dels Creuers, 1 &#8211; Manacor<\/strong><br \/>\n<strong>De lunes a viernes de 13:00 a 17:00.<\/strong><br \/>\n<strong>Tel.: 971 555 504<\/strong><br \/>\n<strong>Precio: 10-15 \u20ac<\/strong><\/p>\n<p>Este restaurante ofrece comida vegetariana, sin gluten, y lista para aquellos que tengan intolerancia a la lactosa. Ofrece cereales integrales y legumbres, as\u00ed como algas, tofu y guarniciones.[\/vc_column_text][\/vc_column][vc_column width=\u00bb1\/3&#8243;][vc_column_text]<\/p>\n<h2><a href=\"http:\/\/www.bonllocrestaurant.com\/\" target=\"_blank\" rel=\"noopener\">Bon lloc<\/a><\/h2>\n<p><strong>Carrer Sant Feliu, 7 &#8211; Palma<\/strong><br \/>\n<strong>Lunes a s\u00e1bado de 13: 00h a 16: 00h &#8211; Jueves a s\u00e1bado de 20: 00h a 23: 00h<\/strong><br \/>\n<strong>Tel.: 971 718 617<\/strong><br \/>\n<strong>Precio: 15-20 \u20ac<\/strong><\/p>\n<p><a href=\"http:\/\/bonllocrestaurant.com\" target=\"_blank\" rel=\"noopener\">bonllocrestaurant.com<\/a><\/p>\n<p>El foco de este restaurante es la cocina vegetariana. Con ingredientes frescos todos los d\u00edas del mercado, pura agricultura ecol\u00f3gica.[\/vc_column_text][\/vc_column][vc_column width=\u00bb1\/3&#8243;][vc_column_text]<\/p>\n<h2>Restaurante Roland<\/h2>\n<p><strong>Calle sant jordi, 5<\/strong><br \/>\n<strong>Porto Cristo<\/strong><br \/>\n<strong>De lunes a s\u00e1bado de 13:00 a 15:00 y de 18:30 a 22:30 Tel.: 971 820 129<\/strong><br \/>\n<strong>Precio: 35-55 \u20ac.<\/strong><\/p>\n<p><a href=\"http:\/\/www.roland-restaurant.es\" target=\"_blank\" rel=\"noopener\">www.roland-restaurant.es<\/a>[\/vc_column_text][\/vc_column][\/vc_row][vc_row][vc_column]<div class=\"spacer\" style=\"height:15px;\"><\/div>[\/vc_column][\/vc_row][vc_row][vc_column width=\u00bb1\/3&#8243;][vc_column_text]<\/p>\n<h2>Restaurante Bonanza<\/h2>\n<p><strong>Avinguda Cristobal Col\u00f3n, 114 Cala Millor<\/strong><br \/>\n<strong>Todos los d\u00edas de 8:00 a 16:00 y de 18:00 a 01:00.<\/strong><br \/>\n<strong>Tel.: 971 585 052<\/strong><br \/>\n<strong>Precio: 20-30 \u20ac<\/strong><\/p>\n<p>Buen restaurante para todo tipo de espectaculares parrillas. \u00a1Recomendado![\/vc_column_text][\/vc_column][vc_column width=\u00bb1\/3&#8243;][vc_column_text]<\/p>\n<h2><a href=\"http:\/\/www.portverd-delmar.com\/\" target=\"_blank\" rel=\"noopener\">Restaurante Port Verd del Mar<\/a><\/h2>\n<p><strong>Ronda del Sol Ixent, 23<\/strong><br \/>\n<strong>Port Verd<\/strong><br \/>\n<strong>Diario de 11: 00h a 00: 00h Tel.: 871 949 193<\/strong><br \/>\n<strong>Precio: 35-55 \u20ac.<\/strong><\/p>\n<p><a href=\"http:\/\/www.portverd-delmar.com\" target=\"_blank\" rel=\"noopener\">www.portverd-delmar.com<\/a><\/p>\n<p>Buena cocina Un lugar fresco, una gran terraza con fant\u00e1sticas vistas.<\/p>\n<p>Peque\u00f1o men\u00fa con excelente comida, servicio amable y servicial. El propietario es de austria y cocina mediterr\u00e1neo.<\/p>\n<p>Todas las parrillas de carne son muy sabrosas y tienen una buena relaci\u00f3n calidad-precio.[\/vc_column_text][\/vc_column][vc_column width=\u00bb1\/3&#8243;][vc_column_text]<\/p>\n<h2>Es Celler<\/h2>\n<p><strong>Carrer de l&#8217;Hospital, 46 Petra<\/strong><br \/>\n<strong>Diario de 12: 00h a 23: 00h.<\/strong><br \/>\n<strong>Precio: 15-25 euros.<\/strong><br \/>\n<strong>Tel.: 971 561 056<\/strong><\/p>\n<p>Un restaurante t\u00edpico mallorqu\u00edn en una bodega de s\u00f3tano. Sin lujo, buena comida, buen servicio, acogedor y sobre todo muy aut\u00e9ntico.[\/vc_column_text][\/vc_column][\/vc_row][vc_row][vc_column]<div class=\"spacer\" style=\"height:15px;\"><\/div>[\/vc_column][\/vc_row][vc_row][vc_column width=\u00bb1\/3&#8243;][vc_column_text]<\/p>\n<h2>Cafe Parisien &#8211; Art\u00e1<\/h2>\n<p>A pocos metros de la plaza del mercado, bonito patio.<\/p>\n<p><strong>Carre Ciutat 18, 07570 Arta<\/strong><br \/>\n<strong>Diario de 10: 00h a 0: 30h.<\/strong><br \/>\n<strong>Precio: 15-30 euros.<\/strong><br \/>\n<strong>Tel. 0034 971 835 440<\/strong><\/p>\n<p>Peque\u00f1a cafeter\u00eda original con deliciosos pasteles y buena comida, servicio cordial y un hermoso jard\u00edn en la parte de atr\u00e1s, siempre es agradable.<\/p>\n<p><a href=\"https:\/\/www.facebook.com\/cafeparisien?fref=nf\" target=\"_blank\" rel=\"noopener\">Facebook<\/a>[\/vc_column_text][\/vc_column][vc_column width=\u00bb1\/3&#8243;][vc_column_text]<\/p>\n<h2>Tast<\/h2>\n<p><strong>Carrer de la Uni\u00f3, 2<\/strong><br \/>\n<strong>Palma<\/strong><br \/>\n<strong>Mo. a Sa. 13: 00h a 24: 00h<\/strong><br \/>\n<strong>Tel.: 971 729 878<\/strong><br \/>\n<strong>Precio: 20-35 euros.<\/strong><\/p>\n<p><a href=\"http:\/\/tast.com\" target=\"_blank\" rel=\"noopener\">tast.com<\/a><\/p>\n<p>Buen restaurante de tapas.[\/vc_column_text][\/vc_column][vc_column width=\u00bb1\/3&#8243;][vc_column_text]<\/p>\n<h2>Resaturante Sal De Coc\u00f3<\/h2>\n<p><strong>Moll de Pescadors<\/strong><br \/>\n<strong>Colonia de Sant Jordi<\/strong><br \/>\n<strong>Miercoles a lunes 07: 30h a 23: 00h y mar 07: 30h a 12: 00h<\/strong><br \/>\n<strong>Tel.: 971 655 225<\/strong><br \/>\n<strong>Precio: 25-40 \u20ac.<\/strong><\/p>\n<p>Gran vista del puerto de Sant Jordi. Gran ambiente. Muy buen servicio. Una cocina especial espa\u00f1ola, moderna y un poco experimental.<\/p>\n<p>restaurantsaldecoco.com[\/vc_column_text][\/vc_column][\/vc_row][vc_row][vc_column]<div class=\"spacer\" style=\"height:15px;\"><\/div>[\/vc_column][\/vc_row][vc_row][vc_column width=\u00bb1\/3&#8243;][vc_column_text]<\/p>\n<h2>Mol\u00ed d&#8217;en Sopa<\/h2>\n<p><strong>Carretera Manacor-Porto Cristo, km. 4 Diarias 12: 30h a 24: 00h<\/strong><br \/>\n<strong>Tel.: 971 550 193<\/strong><br \/>\n<strong>Precio: 35-55 \u20ac.<\/strong><\/p>\n<p>Restaurante grande y ambicioso, entre Manacor y Porto Cristo.<\/p>\n<p>Muy recomendable es el men\u00fa diario con 4 platos por 22,80 \u20ac. La calidad de la cocina es buena.<\/p>\n<p>molidensopa.com[\/vc_column_text][\/vc_column][vc_column width=\u00bb1\/3&#8243;][\/vc_column][vc_column width=\u00bb1\/3&#8243;][\/vc_column][\/vc_row][vc_row][vc_column]<div class=\"spacer\" style=\"height:30px;\"><\/div>[\/vc_column][\/vc_row][vc_row][vc_column][vc_column_text]<\/p>\n<h2><strong>Por \u00faltimo, pero no menos importante, una idea:<\/strong><\/h2>\n<p>Norberto os puede preparar una paella en tu casa!<br \/>\nDisponemos de paella mixta, paella de marisco o paella vegetariana. El chef, Norberto, trae todos los ingredientes, una sart\u00e9n grande y una placa calefactora. Si lo deseas, Norberto tambi\u00e9n puede prepararte cualquier otra cosa, como tapas o pescado y carne a la plancha.<\/p>\n<p>Cons\u00faltanos; estaremos encantados de organizarlo.[\/vc_column_text][vc_column_text]Hay algo de comida t\u00edpica en Mallorca:<\/p>\n<ol>\n<li>Pa amb Oli: pan con un poco de ajo, tomate y aceite de Mallorca, cubierto por ej. Salchichas de jam\u00f3n, queso, at\u00fan o mallorquines como el Botifarr\u00f3, la Camaiot o la Sobrassada.<\/li>\n<li>Ensalada Tremp\u00f3 de piment\u00f3n, tomate, pepino y muchas veces con at\u00fan.<\/li>\n<li>Arr\u00f2s Brut &#8211; Estofado De Arroz<\/li>\n<li>Anf\u00f3s a la Mallorquina &#8211; Mero<\/li>\n<li>Caldereta &#8211; Guiso De Pescado<\/li>\n<li>Tumbet &#8211; berenjenas, pimientos y patatas, cocidos en tomate<\/li>\n<li>Conill &#8211; Conejo Con Cebolla<\/li>\n<li>Porcella rostida &#8211; cochinillo asado<\/li>\n<li>Escaldums &#8211; ragout de pollo o pavo con almendras<\/li>\n<li>Llom amb Col &#8211; Lomo De Cerdo En Hojas De Repollo<\/li>\n<li>Gat\u00f3 &#8211; Pastel De Almendras<\/li>\n<li>Gelat d&#8217;ametlla &#8211; helado de almendras<\/li>\n<li>Ensa\u00efmada: part\u00edcula o torta muy dulce en forma de espiral cocida en manteca de cerdo<\/li>\n<li>Herbes &#8211; brandy herbal<\/li>\n<\/ol>\n<p>Una muy buena oportunidad para conocer la cocina mallorquina, y barata para comer, es el men\u00fa de almuerzo obligatorio.[\/vc_column_text][\/vc_column][\/vc_row]<\/p>\n","protected":false},"excerpt":{"rendered":"<p>[vc_row][vc_column][vc_column_text]En todas nuestras casas hay una carpeta con recomendaciones y consejos que os ofrecemos para que teng\u00e1is una gu\u00eda integral &#8230;<\/p>\n","protected":false},"author":2,"featured_media":0,"parent":0,"menu_order":0,"comment_status":"closed","ping_status":"closed","template":"","meta":[],"acf":[],"yoast_head":"<!-- This site is optimized with the Yoast SEO plugin v17.8 - https:\/\/yoast.com\/wordpress\/plugins\/seo\/ -->\n<title>Restaurantes que nos encantan - 7mallorca.com<\/title>\n<meta name=\"robots\" content=\"index, follow, max-snippet:-1, max-image-preview:large, max-video-preview:-1\" \/>\n<link rel=\"canonical\" href=\"https:\/\/7mallorca.com\/es\/restaurantes-que-nos-encantan\/\" \/>\n<meta property=\"og:locale\" content=\"es_ES\" \/>\n<meta property=\"og:type\" content=\"article\" \/>\n<meta property=\"og:title\" content=\"Restaurantes que nos encantan - 7mallorca.com\" \/>\n<meta property=\"og:description\" content=\"[vc_row][vc_column][vc_column_text]En todas nuestras casas hay una carpeta con recomendaciones y consejos que os ofrecemos para que teng\u00e1is una gu\u00eda integral ...\" \/>\n<meta property=\"og:url\" content=\"https:\/\/7mallorca.com\/es\/restaurantes-que-nos-encantan\/\" \/>\n<meta property=\"og:site_name\" content=\"7mallorca.com\" \/>\n<meta property=\"article:publisher\" content=\"https:\/\/www.facebook.com\/profile.php?id=61561583006364\" \/>\n<meta property=\"article:modified_time\" content=\"2025-09-02T14:36:19+00:00\" \/>\n<meta property=\"og:image\" content=\"https:\/\/7mallorca.com\/wp-content\/uploads\/2018\/10\/ein-ferienhaus-finca-pool-meerblick-malorca-900x598.jpg\" \/>\n\t<meta property=\"og:image:width\" content=\"900\" \/>\n\t<meta property=\"og:image:height\" content=\"598\" \/>\n<meta name=\"twitter:card\" content=\"summary_large_image\" \/>\n<meta name=\"twitter:label1\" content=\"Tiempo de lectura\" \/>\n\t<meta name=\"twitter:data1\" content=\"5 minutos\" \/>\n<script type=\"application\/ld+json\" class=\"yoast-schema-graph\">{\"@context\":\"https:\/\/schema.org\",\"@graph\":[{\"@type\":\"Organization\",\"@id\":\"https:\/\/7mallorca.com\/es\/#organization\",\"name\":\"7mallorca\",\"url\":\"https:\/\/7mallorca.com\/es\/\",\"sameAs\":[\"https:\/\/www.facebook.com\/profile.php?id=61561583006364\",\"https:\/\/www.instagram.com\/7mallorca_holiday_rentals\/\"],\"logo\":{\"@type\":\"ImageObject\",\"@id\":\"https:\/\/7mallorca.com\/es\/#logo\",\"inLanguage\":\"es\",\"url\":\"https:\/\/7mallorca.com\/wp-content\/uploads\/2020\/06\/7mallorca.ferienhaus.png\",\"contentUrl\":\"https:\/\/7mallorca.com\/wp-content\/uploads\/2020\/06\/7mallorca.ferienhaus.png\",\"width\":600,\"height\":95,\"caption\":\"7mallorca\"},\"image\":{\"@id\":\"https:\/\/7mallorca.com\/es\/#logo\"}},{\"@type\":\"WebSite\",\"@id\":\"https:\/\/7mallorca.com\/es\/#website\",\"url\":\"https:\/\/7mallorca.com\/es\/\",\"name\":\"7mallorca.com\",\"description\":\" 7mallorca.com, Ferienhaus auf Mallorca Mieten Sie hier eine Finca oder ein Ferienhaus f\\u00fcr Ihren Urlaub auf Mallorca\",\"publisher\":{\"@id\":\"https:\/\/7mallorca.com\/es\/#organization\"},\"potentialAction\":[{\"@type\":\"SearchAction\",\"target\":{\"@type\":\"EntryPoint\",\"urlTemplate\":\"https:\/\/7mallorca.com\/es\/?s={search_term_string}\"},\"query-input\":\"required name=search_term_string\"}],\"inLanguage\":\"es\"},{\"@type\":\"WebPage\",\"@id\":\"https:\/\/7mallorca.com\/es\/restaurantes-que-nos-encantan\/#webpage\",\"url\":\"https:\/\/7mallorca.com\/es\/restaurantes-que-nos-encantan\/\",\"name\":\"Restaurantes que nos encantan - 7mallorca.com\",\"isPartOf\":{\"@id\":\"https:\/\/7mallorca.com\/es\/#website\"},\"datePublished\":\"2019-07-12T17:29:08+00:00\",\"dateModified\":\"2025-09-02T14:36:19+00:00\",\"breadcrumb\":{\"@id\":\"https:\/\/7mallorca.com\/es\/restaurantes-que-nos-encantan\/#breadcrumb\"},\"inLanguage\":\"es\",\"potentialAction\":[{\"@type\":\"ReadAction\",\"target\":[\"https:\/\/7mallorca.com\/es\/restaurantes-que-nos-encantan\/\"]}]},{\"@type\":\"BreadcrumbList\",\"@id\":\"https:\/\/7mallorca.com\/es\/restaurantes-que-nos-encantan\/#breadcrumb\",\"itemListElement\":[{\"@type\":\"ListItem\",\"position\":1,\"name\":\"Home\",\"item\":\"https:\/\/7mallorca.com\/es\/\"},{\"@type\":\"ListItem\",\"position\":2,\"name\":\"Restaurantes que nos encantan\"}]}]}<\/script>\n<!-- \/ Yoast SEO plugin. -->","yoast_head_json":{"title":"Restaurantes que nos encantan - 7mallorca.com","robots":{"index":"index","follow":"follow","max-snippet":"max-snippet:-1","max-image-preview":"max-image-preview:large","max-video-preview":"max-video-preview:-1"},"canonical":"https:\/\/7mallorca.com\/es\/restaurantes-que-nos-encantan\/","og_locale":"es_ES","og_type":"article","og_title":"Restaurantes que nos encantan - 7mallorca.com","og_description":"[vc_row][vc_column][vc_column_text]En todas nuestras casas hay una carpeta con recomendaciones y consejos que os ofrecemos para que teng\u00e1is una gu\u00eda integral ...","og_url":"https:\/\/7mallorca.com\/es\/restaurantes-que-nos-encantan\/","og_site_name":"7mallorca.com","article_publisher":"https:\/\/www.facebook.com\/profile.php?id=61561583006364","article_modified_time":"2025-09-02T14:36:19+00:00","og_image":[{"width":900,"height":598,"url":"https:\/\/7mallorca.com\/wp-content\/uploads\/2018\/10\/ein-ferienhaus-finca-pool-meerblick-malorca-900x598.jpg","type":"image\/jpeg"}],"twitter_card":"summary_large_image","twitter_misc":{"Tiempo de lectura":"5 minutos"},"schema":{"@context":"https:\/\/schema.org","@graph":[{"@type":"Organization","@id":"https:\/\/7mallorca.com\/es\/#organization","name":"7mallorca","url":"https:\/\/7mallorca.com\/es\/","sameAs":["https:\/\/www.facebook.com\/profile.php?id=61561583006364","https:\/\/www.instagram.com\/7mallorca_holiday_rentals\/"],"logo":{"@type":"ImageObject","@id":"https:\/\/7mallorca.com\/es\/#logo","inLanguage":"es","url":"https:\/\/7mallorca.com\/wp-content\/uploads\/2020\/06\/7mallorca.ferienhaus.png","contentUrl":"https:\/\/7mallorca.com\/wp-content\/uploads\/2020\/06\/7mallorca.ferienhaus.png","width":600,"height":95,"caption":"7mallorca"},"image":{"@id":"https:\/\/7mallorca.com\/es\/#logo"}},{"@type":"WebSite","@id":"https:\/\/7mallorca.com\/es\/#website","url":"https:\/\/7mallorca.com\/es\/","name":"7mallorca.com","description":" 7mallorca.com, Ferienhaus auf Mallorca Mieten Sie hier eine Finca oder ein Ferienhaus f\u00fcr Ihren Urlaub auf Mallorca","publisher":{"@id":"https:\/\/7mallorca.com\/es\/#organization"},"potentialAction":[{"@type":"SearchAction","target":{"@type":"EntryPoint","urlTemplate":"https:\/\/7mallorca.com\/es\/?s={search_term_string}"},"query-input":"required name=search_term_string"}],"inLanguage":"es"},{"@type":"WebPage","@id":"https:\/\/7mallorca.com\/es\/restaurantes-que-nos-encantan\/#webpage","url":"https:\/\/7mallorca.com\/es\/restaurantes-que-nos-encantan\/","name":"Restaurantes que nos encantan - 7mallorca.com","isPartOf":{"@id":"https:\/\/7mallorca.com\/es\/#website"},"datePublished":"2019-07-12T17:29:08+00:00","dateModified":"2025-09-02T14:36:19+00:00","breadcrumb":{"@id":"https:\/\/7mallorca.com\/es\/restaurantes-que-nos-encantan\/#breadcrumb"},"inLanguage":"es","potentialAction":[{"@type":"ReadAction","target":["https:\/\/7mallorca.com\/es\/restaurantes-que-nos-encantan\/"]}]},{"@type":"BreadcrumbList","@id":"https:\/\/7mallorca.com\/es\/restaurantes-que-nos-encantan\/#breadcrumb","itemListElement":[{"@type":"ListItem","position":1,"name":"Home","item":"https:\/\/7mallorca.com\/es\/"},{"@type":"ListItem","position":2,"name":"Restaurantes que nos encantan"}]}]}},"_links":{"self":[{"href":"https:\/\/7mallorca.com\/es\/wp-json\/wp\/v2\/pages\/58923"}],"collection":[{"href":"https:\/\/7mallorca.com\/es\/wp-json\/wp\/v2\/pages"}],"about":[{"href":"https:\/\/7mallorca.com\/es\/wp-json\/wp\/v2\/types\/page"}],"author":[{"embeddable":true,"href":"https:\/\/7mallorca.com\/es\/wp-json\/wp\/v2\/users\/2"}],"replies":[{"embeddable":true,"href":"https:\/\/7mallorca.com\/es\/wp-json\/wp\/v2\/comments?post=58923"}],"version-history":[{"count":1,"href":"https:\/\/7mallorca.com\/es\/wp-json\/wp\/v2\/pages\/58923\/revisions"}],"predecessor-version":[{"id":83896,"href":"https:\/\/7mallorca.com\/es\/wp-json\/wp\/v2\/pages\/58923\/revisions\/83896"}],"wp:attachment":[{"href":"https:\/\/7mallorca.com\/es\/wp-json\/wp\/v2\/media?parent=58923"}],"curies":[{"name":"wp","href":"https:\/\/api.w.org\/{rel}","templated":true}]}}