{"id":43753,"date":"2018-07-26T00:08:06","date_gmt":"2018-07-26T00:08:06","guid":{"rendered":"https:\/\/michael-burghaus.com\/7mallorca2020\/vol-llogar-ca-seva-quiere-alquilar-su-casa\/"},"modified":"2022-05-31T15:46:36","modified_gmt":"2022-05-31T13:46:36","slug":"vol-llogar-ca-seva-quiere-alquilar-su-casa","status":"publish","type":"page","link":"https:\/\/7mallorca.com\/es\/vol-llogar-ca-seva-quiere-alquilar-su-casa\/","title":{"rendered":"Vol llogar ca seva? \/ \u00bfQuiere alquilar su casa?"},"content":{"rendered":"<p>[vc_row][vc_column][vc_column_text]Texto en Mallorqu\u00edn y en Espa\u00f1ol.<\/p>\n<p>Podeu fer aqu\u00ed i ara el primer pas, de la resta ens encarregam nosaltres.<\/p>\n<p>Telefonau al n\u00famero 600 542 516 o <a href=\"mailto:ricardo@7mallorca.com\" target=\"_blank\" rel=\"noopener noreferrer\">enviau-nos un e-mail<\/a>.<br \/>\nVos visitarem.<br \/>\nMostrau-nos la casa i ens coneixerem amb tranquillitat.<br \/>\nI si vos interessa, tot ser\u00e0 molt f\u00e0cil.<br \/>\nVos assessorarem, farem les nostres pr\u00f2pies fotos i publicarem la vostra propietat en diverses plataformes i a 7mallorca.com, sempre a costa nostra. Feim servir el tema dels contractes i transaccions de forma totalment fiable.<br \/>\nNo exigim contracte d\u2019exclusivitat, de manera que el propietari t\u00e9 possibilitat d\u2019ocupaci\u00f3 pr\u00f2pia.<\/p>\n<p>Cercam una comunicaci\u00f3 r\u00e0pida, amable i aut\u00e8ntica amb els nostres clients.<br \/>\nAcompanyam els nostres clients personalment a la casa i all\u00e0 ho explicam tot amb tranquil\u00b7litat, posant atenci\u00f3 en qualsevol caracter\u00edstica especial de la casa. Nosaltres rebem i confirmam uns doblers de dep\u00f2sit, que ja haurem espec\u00edficat pr\u00e8viament amb vosaltres.<\/p>\n<p><a href=\"mailto:welcome@7mallorca.com\" target=\"_blank\" rel=\"noopener noreferrer\">welcome@7mallorca.com<\/a><br \/>\nBurghaus Garcia S.L.<br \/>\nRonda Felanitx 45A<br \/>\nE-07500 Manacor<br \/>\nMallorca, Spanien<\/p>\n<p>\u2014\u2014\u2014\u2014\u2014\u2014\u2014\u2014\u2014\u2014\u2014-<\/p>\n<p>Haga aqu\u00ed y ahora el primer paso, del resto nos encargamos nosotros.<\/p>\n<p>Ll\u00e1menos al n\u00famero 600 542 516 o <a href=\"mailto:ricardo@7mallorca.com\">envienos un e-mail<\/a>.<br \/>\nLe visitaremos.<br \/>\nMu\u00e9strenos su casa y nos conoceremos con tranquilidad.<br \/>\nY si le interesa, todo ser\u00e1 muy f\u00e1cil.<br \/>\nLe asesoraremos, haremos nuestras propias fotos y publicaremos su propiedad en varias plataformas y en 7mallorca.com, siempre a nuestra costa. Manejamos los contratos y transacciones de forma totalmente fiable.<br \/>\nNo exigimos contrato de exclusividad, por lo que el propietario tiene posibilidad de ocupaci\u00f3n propia.<\/p>\n<p>Buscamos una comunicaci\u00f3n r\u00e1pida, amable y aut\u00e9ntica con nuestros clientes.<br \/>\nLlevamos a nuestros clientes personalmente a la casa y all\u00ed se lo explicamos todo con tranquilidad, poniendo atenci\u00f3n en cualquier caracter\u00edstica especial de la casa.<br \/>\nNosotros recibimos y confirmamos un dinero de dep\u00f3sito, que ya habremos especificado previamente con usted.<\/p>\n<p><a href=\"mailto:welcome@7mallorca.com\" target=\"_blank\" rel=\"noopener noreferrer\">welcome@7mallorca.com<\/a><br \/>\nBurghaus Garcia S.L.<br \/>\nRonda Felanitx 45A<br \/>\nE-07500 Manacor<br \/>\nMallorca, Spanien[\/vc_column_text][\/vc_column][\/vc_row][vc_row][vc_column width=\u00bb1\/3&#8243;][vc_single_image image=\u00bb44072&#8243; img_size=\u00bbfull\u00bb][\/vc_column][vc_column width=\u00bb1\/3&#8243;][vc_single_image image=\u00bb44075&#8243; img_size=\u00bbfull\u00bb][\/vc_column][vc_column width=\u00bb1\/3&#8243;][vc_single_image image=\u00bb44078&#8243; img_size=\u00bbfull\u00bb][\/vc_column][\/vc_row]<\/p>\n","protected":false},"excerpt":{"rendered":"<p>[vc_row][vc_column][vc_column_text]Texto en Mallorqu\u00edn y en Espa\u00f1ol. Podeu fer aqu\u00ed i ara el primer pas, de la resta ens encarregam nosaltres. &#8230;<\/p>\n","protected":false},"author":2,"featured_media":0,"parent":0,"menu_order":0,"comment_status":"closed","ping_status":"closed","template":"","meta":[],"acf":[],"yoast_head":"<!-- This site is optimized with the Yoast SEO plugin v17.8 - https:\/\/yoast.com\/wordpress\/plugins\/seo\/ -->\n<title>Vol llogar ca seva? \/ \u00bfQuiere alquilar su casa? - 7mallorca.com<\/title>\n<meta name=\"robots\" content=\"index, follow, max-snippet:-1, max-image-preview:large, max-video-preview:-1\" \/>\n<link rel=\"canonical\" href=\"https:\/\/7mallorca.com\/es\/vol-llogar-ca-seva-quiere-alquilar-su-casa\/\" \/>\n<meta property=\"og:locale\" content=\"es_ES\" \/>\n<meta property=\"og:type\" content=\"article\" \/>\n<meta property=\"og:title\" content=\"Vol llogar ca seva? \/ \u00bfQuiere alquilar su casa? - 7mallorca.com\" \/>\n<meta property=\"og:description\" content=\"[vc_row][vc_column][vc_column_text]Texto en Mallorqu\u00edn y en Espa\u00f1ol. Podeu fer aqu\u00ed i ara el primer pas, de la resta ens encarregam nosaltres. ...\" \/>\n<meta property=\"og:url\" content=\"https:\/\/7mallorca.com\/es\/vol-llogar-ca-seva-quiere-alquilar-su-casa\/\" \/>\n<meta property=\"og:site_name\" content=\"7mallorca.com\" \/>\n<meta property=\"article:publisher\" content=\"https:\/\/www.facebook.com\/profile.php?id=61561583006364\" \/>\n<meta property=\"article:modified_time\" content=\"2022-05-31T13:46:36+00:00\" \/>\n<meta property=\"og:image\" content=\"https:\/\/7mallorca.com\/wp-content\/uploads\/2018\/10\/ein-ferienhaus-finca-pool-meerblick-malorca-900x598.jpg\" \/>\n\t<meta property=\"og:image:width\" content=\"900\" \/>\n\t<meta property=\"og:image:height\" content=\"598\" \/>\n<meta name=\"twitter:card\" content=\"summary_large_image\" \/>\n<meta name=\"twitter:label1\" content=\"Tiempo de lectura\" \/>\n\t<meta name=\"twitter:data1\" content=\"2 minutos\" \/>\n<script type=\"application\/ld+json\" class=\"yoast-schema-graph\">{\"@context\":\"https:\/\/schema.org\",\"@graph\":[{\"@type\":\"Organization\",\"@id\":\"https:\/\/7mallorca.com\/es\/#organization\",\"name\":\"7mallorca\",\"url\":\"https:\/\/7mallorca.com\/es\/\",\"sameAs\":[\"https:\/\/www.facebook.com\/profile.php?id=61561583006364\",\"https:\/\/www.instagram.com\/7mallorca_holiday_rentals\/\"],\"logo\":{\"@type\":\"ImageObject\",\"@id\":\"https:\/\/7mallorca.com\/es\/#logo\",\"inLanguage\":\"es\",\"url\":\"https:\/\/7mallorca.com\/wp-content\/uploads\/2020\/06\/7mallorca.ferienhaus.png\",\"contentUrl\":\"https:\/\/7mallorca.com\/wp-content\/uploads\/2020\/06\/7mallorca.ferienhaus.png\",\"width\":600,\"height\":95,\"caption\":\"7mallorca\"},\"image\":{\"@id\":\"https:\/\/7mallorca.com\/es\/#logo\"}},{\"@type\":\"WebSite\",\"@id\":\"https:\/\/7mallorca.com\/es\/#website\",\"url\":\"https:\/\/7mallorca.com\/es\/\",\"name\":\"7mallorca.com\",\"description\":\" 7mallorca.com, Ferienhaus auf Mallorca Mieten Sie hier eine Finca oder ein Ferienhaus f\\u00fcr Ihren Urlaub auf Mallorca\",\"publisher\":{\"@id\":\"https:\/\/7mallorca.com\/es\/#organization\"},\"potentialAction\":[{\"@type\":\"SearchAction\",\"target\":{\"@type\":\"EntryPoint\",\"urlTemplate\":\"https:\/\/7mallorca.com\/es\/?s={search_term_string}\"},\"query-input\":\"required name=search_term_string\"}],\"inLanguage\":\"es\"},{\"@type\":\"WebPage\",\"@id\":\"https:\/\/7mallorca.com\/es\/vol-llogar-ca-seva-quiere-alquilar-su-casa\/#webpage\",\"url\":\"https:\/\/7mallorca.com\/es\/vol-llogar-ca-seva-quiere-alquilar-su-casa\/\",\"name\":\"Vol llogar ca seva? \/ \\u00bfQuiere alquilar su casa? - 7mallorca.com\",\"isPartOf\":{\"@id\":\"https:\/\/7mallorca.com\/es\/#website\"},\"datePublished\":\"2018-07-26T00:08:06+00:00\",\"dateModified\":\"2022-05-31T13:46:36+00:00\",\"breadcrumb\":{\"@id\":\"https:\/\/7mallorca.com\/es\/vol-llogar-ca-seva-quiere-alquilar-su-casa\/#breadcrumb\"},\"inLanguage\":\"es\",\"potentialAction\":[{\"@type\":\"ReadAction\",\"target\":[\"https:\/\/7mallorca.com\/es\/vol-llogar-ca-seva-quiere-alquilar-su-casa\/\"]}]},{\"@type\":\"BreadcrumbList\",\"@id\":\"https:\/\/7mallorca.com\/es\/vol-llogar-ca-seva-quiere-alquilar-su-casa\/#breadcrumb\",\"itemListElement\":[{\"@type\":\"ListItem\",\"position\":1,\"name\":\"Home\",\"item\":\"https:\/\/7mallorca.com\/es\/\"},{\"@type\":\"ListItem\",\"position\":2,\"name\":\"Vol llogar ca seva? \/ \\u00bfQuiere alquilar su casa?\"}]}]}<\/script>\n<!-- \/ Yoast SEO plugin. -->","yoast_head_json":{"title":"Vol llogar ca seva? \/ \u00bfQuiere alquilar su casa? - 7mallorca.com","robots":{"index":"index","follow":"follow","max-snippet":"max-snippet:-1","max-image-preview":"max-image-preview:large","max-video-preview":"max-video-preview:-1"},"canonical":"https:\/\/7mallorca.com\/es\/vol-llogar-ca-seva-quiere-alquilar-su-casa\/","og_locale":"es_ES","og_type":"article","og_title":"Vol llogar ca seva? \/ \u00bfQuiere alquilar su casa? - 7mallorca.com","og_description":"[vc_row][vc_column][vc_column_text]Texto en Mallorqu\u00edn y en Espa\u00f1ol. Podeu fer aqu\u00ed i ara el primer pas, de la resta ens encarregam nosaltres. ...","og_url":"https:\/\/7mallorca.com\/es\/vol-llogar-ca-seva-quiere-alquilar-su-casa\/","og_site_name":"7mallorca.com","article_publisher":"https:\/\/www.facebook.com\/profile.php?id=61561583006364","article_modified_time":"2022-05-31T13:46:36+00:00","og_image":[{"width":900,"height":598,"url":"https:\/\/7mallorca.com\/wp-content\/uploads\/2018\/10\/ein-ferienhaus-finca-pool-meerblick-malorca-900x598.jpg","type":"image\/jpeg"}],"twitter_card":"summary_large_image","twitter_misc":{"Tiempo de lectura":"2 minutos"},"schema":{"@context":"https:\/\/schema.org","@graph":[{"@type":"Organization","@id":"https:\/\/7mallorca.com\/es\/#organization","name":"7mallorca","url":"https:\/\/7mallorca.com\/es\/","sameAs":["https:\/\/www.facebook.com\/profile.php?id=61561583006364","https:\/\/www.instagram.com\/7mallorca_holiday_rentals\/"],"logo":{"@type":"ImageObject","@id":"https:\/\/7mallorca.com\/es\/#logo","inLanguage":"es","url":"https:\/\/7mallorca.com\/wp-content\/uploads\/2020\/06\/7mallorca.ferienhaus.png","contentUrl":"https:\/\/7mallorca.com\/wp-content\/uploads\/2020\/06\/7mallorca.ferienhaus.png","width":600,"height":95,"caption":"7mallorca"},"image":{"@id":"https:\/\/7mallorca.com\/es\/#logo"}},{"@type":"WebSite","@id":"https:\/\/7mallorca.com\/es\/#website","url":"https:\/\/7mallorca.com\/es\/","name":"7mallorca.com","description":" 7mallorca.com, Ferienhaus auf Mallorca Mieten Sie hier eine Finca oder ein Ferienhaus f\u00fcr Ihren Urlaub auf Mallorca","publisher":{"@id":"https:\/\/7mallorca.com\/es\/#organization"},"potentialAction":[{"@type":"SearchAction","target":{"@type":"EntryPoint","urlTemplate":"https:\/\/7mallorca.com\/es\/?s={search_term_string}"},"query-input":"required name=search_term_string"}],"inLanguage":"es"},{"@type":"WebPage","@id":"https:\/\/7mallorca.com\/es\/vol-llogar-ca-seva-quiere-alquilar-su-casa\/#webpage","url":"https:\/\/7mallorca.com\/es\/vol-llogar-ca-seva-quiere-alquilar-su-casa\/","name":"Vol llogar ca seva? \/ \u00bfQuiere alquilar su casa? - 7mallorca.com","isPartOf":{"@id":"https:\/\/7mallorca.com\/es\/#website"},"datePublished":"2018-07-26T00:08:06+00:00","dateModified":"2022-05-31T13:46:36+00:00","breadcrumb":{"@id":"https:\/\/7mallorca.com\/es\/vol-llogar-ca-seva-quiere-alquilar-su-casa\/#breadcrumb"},"inLanguage":"es","potentialAction":[{"@type":"ReadAction","target":["https:\/\/7mallorca.com\/es\/vol-llogar-ca-seva-quiere-alquilar-su-casa\/"]}]},{"@type":"BreadcrumbList","@id":"https:\/\/7mallorca.com\/es\/vol-llogar-ca-seva-quiere-alquilar-su-casa\/#breadcrumb","itemListElement":[{"@type":"ListItem","position":1,"name":"Home","item":"https:\/\/7mallorca.com\/es\/"},{"@type":"ListItem","position":2,"name":"Vol llogar ca seva? \/ \u00bfQuiere alquilar su casa?"}]}]}},"_links":{"self":[{"href":"https:\/\/7mallorca.com\/es\/wp-json\/wp\/v2\/pages\/43753"}],"collection":[{"href":"https:\/\/7mallorca.com\/es\/wp-json\/wp\/v2\/pages"}],"about":[{"href":"https:\/\/7mallorca.com\/es\/wp-json\/wp\/v2\/types\/page"}],"author":[{"embeddable":true,"href":"https:\/\/7mallorca.com\/es\/wp-json\/wp\/v2\/users\/2"}],"replies":[{"embeddable":true,"href":"https:\/\/7mallorca.com\/es\/wp-json\/wp\/v2\/comments?post=43753"}],"version-history":[{"count":0,"href":"https:\/\/7mallorca.com\/es\/wp-json\/wp\/v2\/pages\/43753\/revisions"}],"wp:attachment":[{"href":"https:\/\/7mallorca.com\/es\/wp-json\/wp\/v2\/media?parent=43753"}],"curies":[{"name":"wp","href":"https:\/\/api.w.org\/{rel}","templated":true}]}}