{"id":43743,"date":"2018-07-25T23:55:45","date_gmt":"2018-07-25T23:55:45","guid":{"rendered":"https:\/\/michael-burghaus.com\/7mallorca2020\/pagina-de-contacto\/"},"modified":"2022-11-22T18:27:19","modified_gmt":"2022-11-22T17:27:19","slug":"pagina-de-contacto","status":"publish","type":"page","link":"https:\/\/7mallorca.com\/es\/pagina-de-contacto\/","title":{"rendered":"P\u00e1gina de Contacto"},"content":{"rendered":"<p>[vc_row el_id=\u00bbcontact-page-wrapper\u00bb el_class=\u00bbcontact-wrapper\u00bb][vc_column width=\u00bb1\/4&#8243;][vc_column_text]<\/p>\n<div class=\"company_headline \">\n<h3>7mallorca<\/h3>\n<div class=\"agent_detail contact_detail\"><i class=\"fas fa-phone\"><\/i><a href=\"tel:+34646459962\">+34 646 459 962<\/a><\/div>\n<div class=\"agent_detail contact_detail\"><i class=\"fas fa-mobile-alt\"><\/i><a href=\"tel:+34600542516\">+34 600 542 516<\/a><\/div>\n<div class=\"agent_detail contact_detail\"><i class=\"far fa-envelope\"><\/i><a href=\"mailto:welcome@7mallorca.com\">welcome@7mallorca.com<\/a><\/div>\n<\/div>\n<p>[\/vc_column_text]<div class=\"spacer\" style=\"height:15px;\"><\/div>[vc_icon icon_fontawesome=\u00bbfab fa-facebook-f\u00bb color=\u00bbcustom\u00bb background_style=\u00bbrounded\u00bb background_color=\u00bbwhite\u00bb size=\u00bbxs\u00bb align=\u00bbcenter\u00bb custom_color=\u00bb#0096e1&#8243; link=\u00bburl:https%3A%2F%2Fwww.facebook.com%2F7mallorca%2F||target:%20_blank|\u00bb el_class=\u00bbcontact-social-icons\u00bb][vc_icon icon_fontawesome=\u00bbfab fa-instagram\u00bb color=\u00bbcustom\u00bb background_style=\u00bbrounded\u00bb background_color=\u00bbwhite\u00bb size=\u00bbxs\u00bb align=\u00bbcenter\u00bb custom_color=\u00bb#0096e1&#8243; link=\u00bburl:https%3A%2F%2Fwww.instagram.com%2F7mallorca_holiday_rentals%2F||target:%20_blank|\u00bb el_class=\u00bbcontact-social-icons\u00bb]<div class=\"spacer\" style=\"height:20px;\"><\/div>[\/vc_column][vc_column width=\u00bb3\/4&#8243;]<div role=\"form\" class=\"wpcf7\" id=\"wpcf7-f65525-o1\" lang=\"en-US\" dir=\"ltr\">\n<div class=\"screen-reader-response\"><p role=\"status\" aria-live=\"polite\" aria-atomic=\"true\"><\/p> <ul><\/ul><\/div>\n<form action=\"\/es\/wp-json\/wp\/v2\/pages\/43743#wpcf7-f65525-o1\" method=\"post\" class=\"wpcf7-form init\" novalidate=\"novalidate\" data-status=\"init\">\n<div style=\"display: none;\">\n<input type=\"hidden\" name=\"_wpcf7\" value=\"65525\" \/>\n<input type=\"hidden\" name=\"_wpcf7_version\" value=\"5.5.6.1\" \/>\n<input type=\"hidden\" name=\"_wpcf7_locale\" value=\"en_US\" \/>\n<input type=\"hidden\" name=\"_wpcf7_unit_tag\" value=\"wpcf7-f65525-o1\" \/>\n<input type=\"hidden\" name=\"_wpcf7_container_post\" value=\"0\" \/>\n<input type=\"hidden\" name=\"_wpcf7_posted_data_hash\" value=\"\" \/>\n<\/div>\n<div class=\"row\">\n<div class=\"col-md-6 contact-field\">\n    <span class=\"wpcf7-form-control-wrap your-name\"><input type=\"text\" name=\"your-name\" value=\"\" size=\"40\" class=\"wpcf7-form-control wpcf7-text wpcf7-validates-as-required\" aria-required=\"true\" aria-invalid=\"false\" placeholder=\"Nombre\" \/><\/span>\n  <\/div>\n<p><span id=\"wpcf7-69df5bc99037b-wrapper\" class=\"wpcf7-form-control-wrap Apellidos-wrap\" ><input type=\"hidden\" name=\"Apellidos-time-start\" value=\"1776245705\"><input type=\"hidden\" name=\"Apellidos-time-check\" value=\"4\"><input id=\"apellidos\"  class=\"wpcf7-form-control wpcf7-text apellidos\" type=\"text\" name=\"Apellidos\" value=\"\" size=\"40\" tabindex=\"-1\" autocomplete=\"new-password\" \/><\/span><\/p>\n<div class=\"col-md-6 contact-field\">\n    <span class=\"wpcf7-form-control-wrap your-email\"><input type=\"email\" name=\"your-email\" value=\"\" size=\"40\" class=\"wpcf7-form-control wpcf7-text wpcf7-email wpcf7-validates-as-required wpcf7-validates-as-email\" aria-required=\"true\" aria-invalid=\"false\" placeholder=\"E-Mail\" \/><\/span>\n  <\/div>\n<p><span id=\"wpcf7-69df5bc99051c-wrapper\" class=\"wpcf7-form-control-wrap Asunto-wrap\" ><input type=\"hidden\" name=\"Asunto-time-start\" value=\"1776245705\"><input type=\"hidden\" name=\"Asunto-time-check\" value=\"4\"><input id=\"asunto\"  class=\"wpcf7-form-control wpcf7-text asunto\" type=\"text\" name=\"Asunto\" value=\"\" size=\"40\" tabindex=\"-1\" autocomplete=\"new-password\" \/><\/span><\/p>\n<div class=\"col-md-12 contact-text\">\n    <span class=\"wpcf7-form-control-wrap your-message\"><textarea name=\"your-message\" cols=\"45\" rows=\"8\" class=\"wpcf7-form-control wpcf7-textarea wpcf7-validates-as-required form-control\" aria-required=\"true\" aria-invalid=\"false\" placeholder=\"Mensaje\"><\/textarea><\/span>\n  <\/div>\n<div class=\"col-md-4 contact-button\">\n    <input type=\"submit\" value=\"Enviar\" class=\"wpcf7-form-control has-spinner wpcf7-submit\" \/>\n  <\/div>\n<\/div>\n<div class=\"wpcf7-response-output\" aria-hidden=\"true\"><\/div><\/form><\/div>[\/vc_column][\/vc_row][vc_row][vc_column]<div class=\"spacer\" style=\"height:43px;\"><\/div>[vc_column_text]<strong>7mallorca es una agencia de casas de vacaciones junto al mar y fincas con piscina en Mallorca.<br \/>\n<\/strong>Llevamos conectando a turistas internacionales con propietarios mallorquines desde 2010 y \u00a1nos encanta! Es nuestra pasi\u00f3n.<br \/>\nOfrecemos m\u00e1s de 100 casas y apartamentos de vacaciones en el noreste de Mallorca y tenemos muchos, muchos clientes agradables y leales.<\/p>\n<p>Env\u00edanos un email a <a href=\"mailto:welcome@7mallorca.com\">welcome@7mallorca.com<\/a> o ll\u00e1manos al 0034 646 459962.<\/p>\n<p><strong>7mallorca son Ricardo y Michael.<br \/>\n<\/strong>Uno naci\u00f3 en Mallorca, le encanta viajar y el mundo ecuestre, el otro, Michael, vive en el Este de Mallorca desde hace 23 a\u00f1os, y desde entonces no se ha querdio ir de la Isla.<br \/>\nRicardo era el entrenador de f\u00fatbol infantil de Michael, en el f\u00fatbol sala de Manacor. En ese momento naci\u00f3 la idea de proporcionar casas de vacaciones y as\u00ed apoyar la regi\u00f3n, el valle del Llevant en el noreste de Mallorca. Y eso funciona bien a largo plazo, gracias a los muchos cientos de hu\u00e9spedes que cada a\u00f1o pasan unas vacaciones relajadas y variadas entre Art\u00e1, Manacor y Porto Colom.<\/p>\n<p><strong>Puede comunicarse con Michael en su tel\u00e9fono m\u00f3vil en:<\/strong><br \/>\n0034 646 459 962<\/p>\n<p><strong>Y puede contactar a Ricardo en este n\u00famero de tel\u00e9fono m\u00f3vil:<\/strong><br \/>\n0034 600 542 516<\/p>\n<p><img class=\"size-full wp-image-58713 aligncenter\" src=\"\/wp-content\/uploads\/2019\/07\/badge-7m.png\" alt=\"\" width=\"590\" height=\"394\" srcset=\"https:\/\/7mallorca.com\/wp-content\/uploads\/2019\/07\/badge-7m.png 590w, https:\/\/7mallorca.com\/wp-content\/uploads\/2019\/07\/badge-7m-450x301.png 450w, https:\/\/7mallorca.com\/wp-content\/uploads\/2019\/07\/badge-7m-300x200.png 300w, https:\/\/7mallorca.com\/wp-content\/uploads\/2019\/07\/badge-7m-240x160.png 240w\" sizes=\"(max-width: 590px) 100vw, 590px\" \/>[\/vc_column_text][vc_empty_space][vc_column_text]Nuestra oficina se encuentra en el centro de Manacor:<\/p>\n<p><strong>7mallorca<\/strong><br \/>\n<strong>Burghaus Garc\u00eda S.L.<\/strong><br \/>\n<strong>Ronda de Felanitx 45A<\/strong><br \/>\n<strong>E-07500 Manacor, Mallorca<\/strong><\/p>\n<p><a href=\"https:\/\/goo.gl\/maps\/3w5MAadZwczHFum57\">Ubicaci\u00f3n en Google Maps.<\/a><\/p>\n<p>Hablamos alem\u00e1n, ingl\u00e9s, italiano, espa\u00f1ol y por supuesto mallorqu\u00edn.<\/p>\n<p><strong>Siempre estamos disponibles y esperamos su correo electr\u00f3nico:<\/strong><br \/>\n<a href=\"mailto:welcome@7mallorca.com\">welcome@7mallorca.com<\/a><\/p>\n<p><strong>Somos intermediarios entre los hu\u00e9spedes de vacaciones y los propietarios de casas de vacaciones en Mallorca. Nuestro objetivo es brindarle a usted, a su familia y a sus amigos unas vacaciones sin preocupaciones en Mallorca. Queremos volver a verte el a\u00f1o que viene, vivo y bien, tan vivo y bien como los chicos de f\u00fatbol sala que patrocinamos.<\/strong><\/p>\n<p><img class=\"aligncenter wp-image-58716 size-full\" src=\"\/wp-content\/uploads\/2019\/07\/football-kids-7m.png\" alt=\"\" width=\"590\" height=\"394\" srcset=\"https:\/\/7mallorca.com\/wp-content\/uploads\/2019\/07\/football-kids-7m.png 590w, https:\/\/7mallorca.com\/wp-content\/uploads\/2019\/07\/football-kids-7m-450x301.png 450w, https:\/\/7mallorca.com\/wp-content\/uploads\/2019\/07\/football-kids-7m-300x200.png 300w, https:\/\/7mallorca.com\/wp-content\/uploads\/2019\/07\/football-kids-7m-240x160.png 240w\" sizes=\"(max-width: 590px) 100vw, 590px\" \/>[\/vc_column_text][vc_empty_space][vc_column_text]La campa\u00f1a de 7mallorca \u00ab<strong>5 euros el vaso con pl\u00e1stico peque\u00f1o<\/strong>\u00bb trata de las playas, pero sobre todo de concienciar a los ni\u00f1os sobre la contaminaci\u00f3n ambiental. Anima a tus hijos a recoger, \u00a1nosotros pagamos el helado!<\/p>\n<p><img class=\"aligncenter wp-image-59858 size-full\" src=\"\/wp-content\/uploads\/2019\/08\/7mallorca.plastik.sammeln.umwelt.png\" alt=\"\" width=\"676\" height=\"554\" srcset=\"https:\/\/7mallorca.com\/wp-content\/uploads\/2019\/08\/7mallorca.plastik.sammeln.umwelt.png 676w, https:\/\/7mallorca.com\/wp-content\/uploads\/2019\/08\/7mallorca.plastik.sammeln.umwelt-300x246.png 300w, https:\/\/7mallorca.com\/wp-content\/uploads\/2019\/08\/7mallorca.plastik.sammeln.umwelt-600x492.png 600w\" sizes=\"(max-width: 676px) 100vw, 676px\" \/>[\/vc_column_text][vc_empty_space][vc_column_text]<span class=\"tlid-translation translation\" lang=\"es\"><strong>En Airbnb figuramos como \u00absuperhost\u00bb.<\/strong><br \/>\nNuestras casas reciben una calificaci\u00f3n positiva constante, el proceso siempre es confiable y respondemos los correos electr\u00f3nicos en un promedio de una hora.<br \/>\nAirbnb cobra comisi\u00f3n a sus clientes. Desde 2013, muchos futuros \u201cclientes directos\u201d nos conocen a trav\u00e9s de plataformas como Airbnb.<br \/>\nSi est\u00e1 interesado, aqu\u00ed est\u00e1 nuestra aparici\u00f3n en Airbnb: <a href=\"https:\/\/www.airbnb.de\/users\/show\/7572808\">https:\/\/www.airbnb.de\/users\/show\/7572808<\/a><br \/>\n<\/span><\/p>\n<p>&nbsp;<\/p>\n<p><img class=\"aligncenter wp-image-61349 size-large\" style=\"margin-bottom: 5px;\" src=\"\/wp-content\/uploads\/2021\/02\/agentur.7mallorca.erfahrung.bewertung-808x1024.jpg\" alt=\"\" width=\"808\" height=\"1024\" srcset=\"https:\/\/7mallorca.com\/wp-content\/uploads\/2021\/02\/agentur.7mallorca.erfahrung.bewertung-808x1024.jpg 808w, https:\/\/7mallorca.com\/wp-content\/uploads\/2021\/02\/agentur.7mallorca.erfahrung.bewertung-237x300.jpg 237w, https:\/\/7mallorca.com\/wp-content\/uploads\/2021\/02\/agentur.7mallorca.erfahrung.bewertung-768x973.jpg 768w, https:\/\/7mallorca.com\/wp-content\/uploads\/2021\/02\/agentur.7mallorca.erfahrung.bewertung.jpg 1000w\" sizes=\"(max-width: 808px) 100vw, 808px\" \/><\/p>\n<table>\n<tbody>\n<tr>\n<td><\/td>\n<td><\/td>\n<\/tr>\n<tr>\n<td>\n<div class=\"_121z06r2\" aria-hidden=\"true\">362 Bewertungen<\/div>\n<\/td>\n<td>\n<div class=\"_121z06r2\" aria-hidden=\"true\">Durchschnitt 5 von 5 Sternen<\/div>\n<\/td>\n<\/tr>\n<\/tbody>\n<\/table>\n<p>[\/vc_column_text][\/vc_column][\/vc_row][vc_row][vc_column]<div class=\"spacer\" style=\"height:40px;\"><\/div>[\/vc_column][\/vc_row]<\/p>\n","protected":false},"excerpt":{"rendered":"<p>[vc_row el_id=\u00bbcontact-page-wrapper\u00bb el_class=\u00bbcontact-wrapper\u00bb][vc_column width=\u00bb1\/4&#8243;][vc_column_text] 7mallorca +34 646 459 962 +34 600 542 516 welcome@7mallorca.com [\/vc_column_text][vc_icon icon_fontawesome=\u00bbfab fa-facebook-f\u00bb color=\u00bbcustom\u00bb background_style=\u00bbrounded\u00bb background_color=\u00bbwhite\u00bb &#8230;<\/p>\n","protected":false},"author":2,"featured_media":0,"parent":0,"menu_order":0,"comment_status":"open","ping_status":"closed","template":"contact_page.php","meta":[],"acf":[],"yoast_head":"<!-- This site is optimized with the Yoast SEO plugin v17.8 - https:\/\/yoast.com\/wordpress\/plugins\/seo\/ -->\n<title>P\u00e1gina de Contacto - 7mallorca.com<\/title>\n<meta name=\"robots\" content=\"index, follow, max-snippet:-1, max-image-preview:large, max-video-preview:-1\" \/>\n<link rel=\"canonical\" href=\"https:\/\/7mallorca.com\/es\/pagina-de-contacto\/\" \/>\n<meta property=\"og:locale\" content=\"es_ES\" \/>\n<meta property=\"og:type\" content=\"article\" \/>\n<meta property=\"og:title\" content=\"P\u00e1gina de Contacto - 7mallorca.com\" \/>\n<meta property=\"og:description\" content=\"[vc_row el_id=\u00bbcontact-page-wrapper\u00bb el_class=\u00bbcontact-wrapper\u00bb][vc_column width=\u00bb1\/4&#8243;][vc_column_text] 7mallorca +34 646 459 962 +34 600 542 516 welcome@7mallorca.com [\/vc_column_text][vc_icon icon_fontawesome=\u00bbfab fa-facebook-f\u00bb color=\u00bbcustom\u00bb background_style=\u00bbrounded\u00bb background_color=\u00bbwhite\u00bb ...\" \/>\n<meta property=\"og:url\" content=\"https:\/\/7mallorca.com\/es\/pagina-de-contacto\/\" \/>\n<meta property=\"og:site_name\" content=\"7mallorca.com\" \/>\n<meta property=\"article:publisher\" content=\"https:\/\/www.facebook.com\/profile.php?id=61561583006364\" \/>\n<meta property=\"article:modified_time\" content=\"2022-11-22T17:27:19+00:00\" \/>\n<meta property=\"og:image\" content=\"https:\/\/7mallorca.com\/wp-content\/uploads\/2019\/07\/badge-7m.png\" \/>\n<meta name=\"twitter:card\" content=\"summary_large_image\" \/>\n<meta name=\"twitter:label1\" content=\"Tiempo de lectura\" \/>\n\t<meta name=\"twitter:data1\" content=\"3 minutos\" \/>\n<script type=\"application\/ld+json\" class=\"yoast-schema-graph\">{\"@context\":\"https:\/\/schema.org\",\"@graph\":[{\"@type\":\"Organization\",\"@id\":\"https:\/\/7mallorca.com\/es\/#organization\",\"name\":\"7mallorca\",\"url\":\"https:\/\/7mallorca.com\/es\/\",\"sameAs\":[\"https:\/\/www.facebook.com\/profile.php?id=61561583006364\",\"https:\/\/www.instagram.com\/7mallorca_holiday_rentals\/\"],\"logo\":{\"@type\":\"ImageObject\",\"@id\":\"https:\/\/7mallorca.com\/es\/#logo\",\"inLanguage\":\"es\",\"url\":\"https:\/\/7mallorca.com\/wp-content\/uploads\/2020\/06\/7mallorca.ferienhaus.png\",\"contentUrl\":\"https:\/\/7mallorca.com\/wp-content\/uploads\/2020\/06\/7mallorca.ferienhaus.png\",\"width\":600,\"height\":95,\"caption\":\"7mallorca\"},\"image\":{\"@id\":\"https:\/\/7mallorca.com\/es\/#logo\"}},{\"@type\":\"WebSite\",\"@id\":\"https:\/\/7mallorca.com\/es\/#website\",\"url\":\"https:\/\/7mallorca.com\/es\/\",\"name\":\"7mallorca.com\",\"description\":\" 7mallorca.com, Ferienhaus auf Mallorca Mieten Sie hier eine Finca oder ein Ferienhaus f\\u00fcr Ihren Urlaub auf Mallorca\",\"publisher\":{\"@id\":\"https:\/\/7mallorca.com\/es\/#organization\"},\"potentialAction\":[{\"@type\":\"SearchAction\",\"target\":{\"@type\":\"EntryPoint\",\"urlTemplate\":\"https:\/\/7mallorca.com\/es\/?s={search_term_string}\"},\"query-input\":\"required name=search_term_string\"}],\"inLanguage\":\"es\"},{\"@type\":\"ImageObject\",\"@id\":\"https:\/\/7mallorca.com\/es\/pagina-de-contacto\/#primaryimage\",\"inLanguage\":\"es\",\"url\":\"\/wp-content\/uploads\/2019\/07\/badge-7m.png\",\"contentUrl\":\"\/wp-content\/uploads\/2019\/07\/badge-7m.png\"},{\"@type\":\"WebPage\",\"@id\":\"https:\/\/7mallorca.com\/es\/pagina-de-contacto\/#webpage\",\"url\":\"https:\/\/7mallorca.com\/es\/pagina-de-contacto\/\",\"name\":\"P\\u00e1gina de Contacto - 7mallorca.com\",\"isPartOf\":{\"@id\":\"https:\/\/7mallorca.com\/es\/#website\"},\"primaryImageOfPage\":{\"@id\":\"https:\/\/7mallorca.com\/es\/pagina-de-contacto\/#primaryimage\"},\"datePublished\":\"2018-07-25T23:55:45+00:00\",\"dateModified\":\"2022-11-22T17:27:19+00:00\",\"breadcrumb\":{\"@id\":\"https:\/\/7mallorca.com\/es\/pagina-de-contacto\/#breadcrumb\"},\"inLanguage\":\"es\",\"potentialAction\":[{\"@type\":\"ReadAction\",\"target\":[\"https:\/\/7mallorca.com\/es\/pagina-de-contacto\/\"]}]},{\"@type\":\"BreadcrumbList\",\"@id\":\"https:\/\/7mallorca.com\/es\/pagina-de-contacto\/#breadcrumb\",\"itemListElement\":[{\"@type\":\"ListItem\",\"position\":1,\"name\":\"Home\",\"item\":\"https:\/\/7mallorca.com\/es\/\"},{\"@type\":\"ListItem\",\"position\":2,\"name\":\"P\\u00e1gina de Contacto\"}]}]}<\/script>\n<!-- \/ Yoast SEO plugin. -->","yoast_head_json":{"title":"P\u00e1gina de Contacto - 7mallorca.com","robots":{"index":"index","follow":"follow","max-snippet":"max-snippet:-1","max-image-preview":"max-image-preview:large","max-video-preview":"max-video-preview:-1"},"canonical":"https:\/\/7mallorca.com\/es\/pagina-de-contacto\/","og_locale":"es_ES","og_type":"article","og_title":"P\u00e1gina de Contacto - 7mallorca.com","og_description":"[vc_row el_id=\u00bbcontact-page-wrapper\u00bb el_class=\u00bbcontact-wrapper\u00bb][vc_column width=\u00bb1\/4&#8243;][vc_column_text] 7mallorca +34 646 459 962 +34 600 542 516 welcome@7mallorca.com [\/vc_column_text][vc_icon icon_fontawesome=\u00bbfab fa-facebook-f\u00bb color=\u00bbcustom\u00bb background_style=\u00bbrounded\u00bb background_color=\u00bbwhite\u00bb ...","og_url":"https:\/\/7mallorca.com\/es\/pagina-de-contacto\/","og_site_name":"7mallorca.com","article_publisher":"https:\/\/www.facebook.com\/profile.php?id=61561583006364","article_modified_time":"2022-11-22T17:27:19+00:00","og_image":[{"url":"https:\/\/7mallorca.com\/wp-content\/uploads\/2019\/07\/badge-7m.png"}],"twitter_card":"summary_large_image","twitter_misc":{"Tiempo de lectura":"3 minutos"},"schema":{"@context":"https:\/\/schema.org","@graph":[{"@type":"Organization","@id":"https:\/\/7mallorca.com\/es\/#organization","name":"7mallorca","url":"https:\/\/7mallorca.com\/es\/","sameAs":["https:\/\/www.facebook.com\/profile.php?id=61561583006364","https:\/\/www.instagram.com\/7mallorca_holiday_rentals\/"],"logo":{"@type":"ImageObject","@id":"https:\/\/7mallorca.com\/es\/#logo","inLanguage":"es","url":"https:\/\/7mallorca.com\/wp-content\/uploads\/2020\/06\/7mallorca.ferienhaus.png","contentUrl":"https:\/\/7mallorca.com\/wp-content\/uploads\/2020\/06\/7mallorca.ferienhaus.png","width":600,"height":95,"caption":"7mallorca"},"image":{"@id":"https:\/\/7mallorca.com\/es\/#logo"}},{"@type":"WebSite","@id":"https:\/\/7mallorca.com\/es\/#website","url":"https:\/\/7mallorca.com\/es\/","name":"7mallorca.com","description":" 7mallorca.com, Ferienhaus auf Mallorca Mieten Sie hier eine Finca oder ein Ferienhaus f\u00fcr Ihren Urlaub auf Mallorca","publisher":{"@id":"https:\/\/7mallorca.com\/es\/#organization"},"potentialAction":[{"@type":"SearchAction","target":{"@type":"EntryPoint","urlTemplate":"https:\/\/7mallorca.com\/es\/?s={search_term_string}"},"query-input":"required name=search_term_string"}],"inLanguage":"es"},{"@type":"ImageObject","@id":"https:\/\/7mallorca.com\/es\/pagina-de-contacto\/#primaryimage","inLanguage":"es","url":"\/wp-content\/uploads\/2019\/07\/badge-7m.png","contentUrl":"\/wp-content\/uploads\/2019\/07\/badge-7m.png"},{"@type":"WebPage","@id":"https:\/\/7mallorca.com\/es\/pagina-de-contacto\/#webpage","url":"https:\/\/7mallorca.com\/es\/pagina-de-contacto\/","name":"P\u00e1gina de Contacto - 7mallorca.com","isPartOf":{"@id":"https:\/\/7mallorca.com\/es\/#website"},"primaryImageOfPage":{"@id":"https:\/\/7mallorca.com\/es\/pagina-de-contacto\/#primaryimage"},"datePublished":"2018-07-25T23:55:45+00:00","dateModified":"2022-11-22T17:27:19+00:00","breadcrumb":{"@id":"https:\/\/7mallorca.com\/es\/pagina-de-contacto\/#breadcrumb"},"inLanguage":"es","potentialAction":[{"@type":"ReadAction","target":["https:\/\/7mallorca.com\/es\/pagina-de-contacto\/"]}]},{"@type":"BreadcrumbList","@id":"https:\/\/7mallorca.com\/es\/pagina-de-contacto\/#breadcrumb","itemListElement":[{"@type":"ListItem","position":1,"name":"Home","item":"https:\/\/7mallorca.com\/es\/"},{"@type":"ListItem","position":2,"name":"P\u00e1gina de Contacto"}]}]}},"_links":{"self":[{"href":"https:\/\/7mallorca.com\/es\/wp-json\/wp\/v2\/pages\/43743"}],"collection":[{"href":"https:\/\/7mallorca.com\/es\/wp-json\/wp\/v2\/pages"}],"about":[{"href":"https:\/\/7mallorca.com\/es\/wp-json\/wp\/v2\/types\/page"}],"author":[{"embeddable":true,"href":"https:\/\/7mallorca.com\/es\/wp-json\/wp\/v2\/users\/2"}],"replies":[{"embeddable":true,"href":"https:\/\/7mallorca.com\/es\/wp-json\/wp\/v2\/comments?post=43743"}],"version-history":[{"count":0,"href":"https:\/\/7mallorca.com\/es\/wp-json\/wp\/v2\/pages\/43743\/revisions"}],"wp:attachment":[{"href":"https:\/\/7mallorca.com\/es\/wp-json\/wp\/v2\/media?parent=43743"}],"curies":[{"name":"wp","href":"https:\/\/api.w.org\/{rel}","templated":true}]}}