{"id":43734,"date":"2018-07-25T23:46:18","date_gmt":"2018-07-25T23:46:18","guid":{"rendered":"https:\/\/michael-burghaus.com\/7mallorca2020\/todas-las-fincas\/"},"modified":"2019-07-09T01:38:51","modified_gmt":"2019-07-09T01:38:51","slug":"todas-las-fincas","status":"publish","type":"page","link":"https:\/\/7mallorca.com\/es\/todas-las-fincas\/","title":{"rendered":"Todas las Fincas"},"content":{"rendered":"<p>[vc_row][vc_column][vc_column_text]IMPORTANTE: Para proteger la privacidad de las propiedades, las marcas de posici\u00f3n en el mapa s\u00f3lo muestran la ubicaci\u00f3n aproximada de estas.[\/vc_column_text][\/vc_column][\/vc_row]<\/p>\n","protected":false},"excerpt":{"rendered":"<p>[vc_row][vc_column][vc_column_text]IMPORTANTE: Para proteger la privacidad de las propiedades, las marcas de posici\u00f3n en el mapa s\u00f3lo muestran la ubicaci\u00f3n aproximada &#8230;<\/p>\n","protected":false},"author":2,"featured_media":0,"parent":0,"menu_order":0,"comment_status":"closed","ping_status":"closed","template":"property_list.php","meta":[],"acf":[],"yoast_head":"<!-- This site is optimized with the Yoast SEO plugin v17.8 - https:\/\/yoast.com\/wordpress\/plugins\/seo\/ -->\n<title>Todas las Fincas - 7mallorca.com<\/title>\n<meta name=\"robots\" content=\"index, follow, max-snippet:-1, max-image-preview:large, max-video-preview:-1\" \/>\n<link rel=\"canonical\" href=\"https:\/\/7mallorca.com\/es\/todas-las-fincas\/\" \/>\n<meta property=\"og:locale\" content=\"es_ES\" \/>\n<meta property=\"og:type\" content=\"article\" \/>\n<meta property=\"og:title\" content=\"Todas las Fincas - 7mallorca.com\" \/>\n<meta property=\"og:description\" content=\"[vc_row][vc_column][vc_column_text]IMPORTANTE: Para proteger la privacidad de las propiedades, las marcas de posici\u00f3n en el mapa s\u00f3lo muestran la ubicaci\u00f3n aproximada ...\" \/>\n<meta property=\"og:url\" content=\"https:\/\/7mallorca.com\/es\/todas-las-fincas\/\" \/>\n<meta property=\"og:site_name\" content=\"7mallorca.com\" \/>\n<meta property=\"article:publisher\" content=\"https:\/\/www.facebook.com\/profile.php?id=61561583006364\" \/>\n<meta property=\"article:modified_time\" content=\"2019-07-09T01:38:51+00:00\" \/>\n<meta property=\"og:image\" content=\"https:\/\/7mallorca.com\/wp-content\/uploads\/2018\/10\/ein-ferienhaus-finca-pool-meerblick-malorca-900x598.jpg\" \/>\n\t<meta property=\"og:image:width\" content=\"900\" \/>\n\t<meta property=\"og:image:height\" content=\"598\" \/>\n<meta name=\"twitter:card\" content=\"summary_large_image\" \/>\n<script type=\"application\/ld+json\" class=\"yoast-schema-graph\">{\"@context\":\"https:\/\/schema.org\",\"@graph\":[{\"@type\":\"Organization\",\"@id\":\"https:\/\/7mallorca.com\/es\/#organization\",\"name\":\"7mallorca\",\"url\":\"https:\/\/7mallorca.com\/es\/\",\"sameAs\":[\"https:\/\/www.facebook.com\/profile.php?id=61561583006364\",\"https:\/\/www.instagram.com\/7mallorca_holiday_rentals\/\"],\"logo\":{\"@type\":\"ImageObject\",\"@id\":\"https:\/\/7mallorca.com\/es\/#logo\",\"inLanguage\":\"es\",\"url\":\"https:\/\/7mallorca.com\/wp-content\/uploads\/2020\/06\/7mallorca.ferienhaus.png\",\"contentUrl\":\"https:\/\/7mallorca.com\/wp-content\/uploads\/2020\/06\/7mallorca.ferienhaus.png\",\"width\":600,\"height\":95,\"caption\":\"7mallorca\"},\"image\":{\"@id\":\"https:\/\/7mallorca.com\/es\/#logo\"}},{\"@type\":\"WebSite\",\"@id\":\"https:\/\/7mallorca.com\/es\/#website\",\"url\":\"https:\/\/7mallorca.com\/es\/\",\"name\":\"7mallorca.com\",\"description\":\" 7mallorca.com, Ferienhaus auf Mallorca Mieten Sie hier eine Finca oder ein Ferienhaus f\\u00fcr Ihren Urlaub auf Mallorca\",\"publisher\":{\"@id\":\"https:\/\/7mallorca.com\/es\/#organization\"},\"potentialAction\":[{\"@type\":\"SearchAction\",\"target\":{\"@type\":\"EntryPoint\",\"urlTemplate\":\"https:\/\/7mallorca.com\/es\/?s={search_term_string}\"},\"query-input\":\"required name=search_term_string\"}],\"inLanguage\":\"es\"},{\"@type\":\"WebPage\",\"@id\":\"https:\/\/7mallorca.com\/es\/todas-las-fincas\/#webpage\",\"url\":\"https:\/\/7mallorca.com\/es\/todas-las-fincas\/\",\"name\":\"Todas las Fincas - 7mallorca.com\",\"isPartOf\":{\"@id\":\"https:\/\/7mallorca.com\/es\/#website\"},\"datePublished\":\"2018-07-25T23:46:18+00:00\",\"dateModified\":\"2019-07-09T01:38:51+00:00\",\"breadcrumb\":{\"@id\":\"https:\/\/7mallorca.com\/es\/todas-las-fincas\/#breadcrumb\"},\"inLanguage\":\"es\",\"potentialAction\":[{\"@type\":\"ReadAction\",\"target\":[\"https:\/\/7mallorca.com\/es\/todas-las-fincas\/\"]}]},{\"@type\":\"BreadcrumbList\",\"@id\":\"https:\/\/7mallorca.com\/es\/todas-las-fincas\/#breadcrumb\",\"itemListElement\":[{\"@type\":\"ListItem\",\"position\":1,\"name\":\"Home\",\"item\":\"https:\/\/7mallorca.com\/es\/\"},{\"@type\":\"ListItem\",\"position\":2,\"name\":\"Todas las Fincas\"}]}]}<\/script>\n<!-- \/ Yoast SEO plugin. -->","yoast_head_json":{"title":"Todas las Fincas - 7mallorca.com","robots":{"index":"index","follow":"follow","max-snippet":"max-snippet:-1","max-image-preview":"max-image-preview:large","max-video-preview":"max-video-preview:-1"},"canonical":"https:\/\/7mallorca.com\/es\/todas-las-fincas\/","og_locale":"es_ES","og_type":"article","og_title":"Todas las Fincas - 7mallorca.com","og_description":"[vc_row][vc_column][vc_column_text]IMPORTANTE: Para proteger la privacidad de las propiedades, las marcas de posici\u00f3n en el mapa s\u00f3lo muestran la ubicaci\u00f3n aproximada ...","og_url":"https:\/\/7mallorca.com\/es\/todas-las-fincas\/","og_site_name":"7mallorca.com","article_publisher":"https:\/\/www.facebook.com\/profile.php?id=61561583006364","article_modified_time":"2019-07-09T01:38:51+00:00","og_image":[{"width":900,"height":598,"url":"https:\/\/7mallorca.com\/wp-content\/uploads\/2018\/10\/ein-ferienhaus-finca-pool-meerblick-malorca-900x598.jpg","type":"image\/jpeg"}],"twitter_card":"summary_large_image","schema":{"@context":"https:\/\/schema.org","@graph":[{"@type":"Organization","@id":"https:\/\/7mallorca.com\/es\/#organization","name":"7mallorca","url":"https:\/\/7mallorca.com\/es\/","sameAs":["https:\/\/www.facebook.com\/profile.php?id=61561583006364","https:\/\/www.instagram.com\/7mallorca_holiday_rentals\/"],"logo":{"@type":"ImageObject","@id":"https:\/\/7mallorca.com\/es\/#logo","inLanguage":"es","url":"https:\/\/7mallorca.com\/wp-content\/uploads\/2020\/06\/7mallorca.ferienhaus.png","contentUrl":"https:\/\/7mallorca.com\/wp-content\/uploads\/2020\/06\/7mallorca.ferienhaus.png","width":600,"height":95,"caption":"7mallorca"},"image":{"@id":"https:\/\/7mallorca.com\/es\/#logo"}},{"@type":"WebSite","@id":"https:\/\/7mallorca.com\/es\/#website","url":"https:\/\/7mallorca.com\/es\/","name":"7mallorca.com","description":" 7mallorca.com, Ferienhaus auf Mallorca Mieten Sie hier eine Finca oder ein Ferienhaus f\u00fcr Ihren Urlaub auf Mallorca","publisher":{"@id":"https:\/\/7mallorca.com\/es\/#organization"},"potentialAction":[{"@type":"SearchAction","target":{"@type":"EntryPoint","urlTemplate":"https:\/\/7mallorca.com\/es\/?s={search_term_string}"},"query-input":"required name=search_term_string"}],"inLanguage":"es"},{"@type":"WebPage","@id":"https:\/\/7mallorca.com\/es\/todas-las-fincas\/#webpage","url":"https:\/\/7mallorca.com\/es\/todas-las-fincas\/","name":"Todas las Fincas - 7mallorca.com","isPartOf":{"@id":"https:\/\/7mallorca.com\/es\/#website"},"datePublished":"2018-07-25T23:46:18+00:00","dateModified":"2019-07-09T01:38:51+00:00","breadcrumb":{"@id":"https:\/\/7mallorca.com\/es\/todas-las-fincas\/#breadcrumb"},"inLanguage":"es","potentialAction":[{"@type":"ReadAction","target":["https:\/\/7mallorca.com\/es\/todas-las-fincas\/"]}]},{"@type":"BreadcrumbList","@id":"https:\/\/7mallorca.com\/es\/todas-las-fincas\/#breadcrumb","itemListElement":[{"@type":"ListItem","position":1,"name":"Home","item":"https:\/\/7mallorca.com\/es\/"},{"@type":"ListItem","position":2,"name":"Todas las Fincas"}]}]}},"_links":{"self":[{"href":"https:\/\/7mallorca.com\/es\/wp-json\/wp\/v2\/pages\/43734"}],"collection":[{"href":"https:\/\/7mallorca.com\/es\/wp-json\/wp\/v2\/pages"}],"about":[{"href":"https:\/\/7mallorca.com\/es\/wp-json\/wp\/v2\/types\/page"}],"author":[{"embeddable":true,"href":"https:\/\/7mallorca.com\/es\/wp-json\/wp\/v2\/users\/2"}],"replies":[{"embeddable":true,"href":"https:\/\/7mallorca.com\/es\/wp-json\/wp\/v2\/comments?post=43734"}],"version-history":[{"count":0,"href":"https:\/\/7mallorca.com\/es\/wp-json\/wp\/v2\/pages\/43734\/revisions"}],"wp:attachment":[{"href":"https:\/\/7mallorca.com\/es\/wp-json\/wp\/v2\/media?parent=43734"}],"curies":[{"name":"wp","href":"https:\/\/api.w.org\/{rel}","templated":true}]}}