{"id":43731,"date":"2018-07-25T23:44:33","date_gmt":"2018-07-25T23:44:33","guid":{"rendered":"https:\/\/michael-burghaus.com\/7mallorca2020\/terminos-y-condiciones\/"},"modified":"2022-05-31T17:10:18","modified_gmt":"2022-05-31T15:10:18","slug":"terminos-y-condiciones","status":"publish","type":"page","link":"https:\/\/7mallorca.com\/es\/terminos-y-condiciones\/","title":{"rendered":"T\u00e9rminos y Condiciones"},"content":{"rendered":"<p>[vc_row][vc_column][vc_column_text]\u00bbNosotros, 7mallorca, actuaremos para usted seg\u00fan nuestro leal saber y entender: sus vacaciones de verano deben seguir siendo hermosas, relajantes e inolvidables. Damos todo por eso. Nuestros t\u00e9rminos y condiciones son transparentes y claros pero no r\u00edgidos. Hable con nosotros si tiene alguna pregunta.\u00bb<\/p>\n<h2>T\u00e9rminos y Condiciones<\/h2>\n<p>Estos T\u00e9rminos y condiciones generales se consideran aceptados al realizar la reserva. En el caso de <strong>Burghaus Garcia S.L. \/ 7mallorca<\/strong> Las propiedades de alquiler que se ofrecen son exclusivamente la mediaci\u00f3n de servicios de terceros entre la parte que registra, en adelante, el inquilino, los compa\u00f1eros de viaje y el respectivo propietario, arrendador o administrador de la propiedad de alquiler.<br \/>\nLas casas alquiladas son de uso privado a disposici\u00f3n. Si desea utilizar esto como parte de una actividad comercial, como un lugar para filmaciones o sesiones de fotos, bodas u otros tipos de eventos, necesita nuestra confirmaci\u00f3n por escrito.<\/p>\n<p>Inf\u00f3rmenos tambi\u00e9n si el n\u00famero de personas debe cambiar despu\u00e9s de la conclusi\u00f3n del contrato. Como regla general, no se debe exceder el n\u00famero m\u00e1ximo de personas.<\/p>\n<h2>1. Reservas y Reservas<\/h2>\n<p>Una vez que hayamos recibido su solicitud de reserva por correo electr\u00f3nico, le confirmaremos la disponibilidad y el precio de la casa de vacaciones. A continuaci\u00f3n, le enviaremos un contrato de alquiler con toda la informaci\u00f3n sobre el pago inicial.<\/p>\n<p>La casa de vacaciones se reserva con el recibo de su dep\u00f3sito.<\/p>\n<p>La reserva se completa en nombre del proveedor del servicio (propietario, arrendador, administrador). Es v\u00e1lido por el per\u00edodo registrado y el n\u00famero registrado de personas y mascotas.<\/p>\n<p>Confirmaremos la recepci\u00f3n del dep\u00f3sito inmediatamente despu\u00e9s de recibirlo por correo electr\u00f3nico. A continuaci\u00f3n, la casa de vacaciones se reserva con efecto vinculante.<\/p>\n<p>A menos que se acuerde lo contrario, la propiedad de alquiler puede ocuparse el d\u00eda de llegada a partir de las 16:00 horas.<br \/>\nEl d\u00eda de salida, la propiedad de alquiler debe quedar libre a m\u00e1s tardar a las 10:00 horas, a menos que se acuerde lo contrario.<br \/>\n<em>\u00abEncontraremos una soluci\u00f3n si sus horarios de llegada y salida no encajan bien. No dejamos a nadie bajo la \u00ablluvia\u00bb.<\/em><\/p>\n<h2>2. Responsabilidad<\/h2>\n<p>El anuncio de las propiedades de alquiler se ha preparado con el mejor conocimiento e informaci\u00f3n proporcionada por el propietario o administrador. No somos responsables de los efectos de fuerza mayor en la propiedad de alquiler, como huelgas, guerras, terremotos, cortes habituales de energ\u00eda y agua, tormentas severas, trabajos de construcci\u00f3n en las inmediaciones de la propiedad de alquiler y otros eventos que no eran previsibles en el momento de la reserva. Asimismo, no se puede asumir la responsabilidad por la disponibilidad operativa sin problemas de los dispositivos e instalaciones el\u00e9ctricas tales como calefacci\u00f3n, ascensor, aire acondicionado, piscina, etc. Cualquier defecto que se encuentre en el sitio durante la estad\u00eda debe informarse de inmediato al gerente o a la persona de contacto local. Tenga en cuenta que debe permitirse un per\u00edodo de tiempo razonable para subsanar los defectos. Despu\u00e9s de eso, cualquier reclamo que surja debe aclararse inmediatamente en el sitio con la persona de contacto local. 7mallorca no se hace responsable de esto.<br \/>\nEl mobiliario y el equipamiento de los objetos de alquiler mostrados y descritos en las im\u00e1genes y en las descripciones detalladas pueden variar ligeramente. Si la propiedad de alquiler no se puede utilizar debido a fuerza mayor, 7mallorca tiene derecho a proporcionar una propiedad de reemplazo comparable en la misma categor\u00eda de precio o superior y regi\u00f3n geogr\u00e1fica. Si el inquilino no acepta esta alternativa, pierde el pago inicial realizado y est\u00e1 sujeto a las condiciones de cancelaci\u00f3n.<br \/>\nEl uso de la propiedad de alquiler, incluidas todas las instalaciones y servicios al aire libre asociados, es bajo su propio riesgo. El propietario y 7mallorca no asumen ninguna responsabilidad en caso de accidentes.<br \/>\nEl arrendatario es responsable de los bienes y objetos de valor que haya tra\u00eddo consigo, as\u00ed como del dinero en efectivo. El propietario y 7mallorca no se hacen responsables en caso de robo. Todas las posibles reclamaciones de recurso del inquilino deben hacerse al propietario respectivo. Todas las dem\u00e1s quejas sobre la propiedad de alquiler y las reclamaciones de compensaci\u00f3n deben comunicarse inmediatamente al propietario o a 7mallorca por escrito.<\/p>\n<h2>3. Da\u00f1os<\/h2>\n<p>El inquilino debe tratar la propiedad de alquiler y el inventario con cuidado. Est\u00e1 obligado a informar al propietario oa 7mallorca de cualquier da\u00f1o que se produzca durante su estancia. El arrendatario es personalmente responsable de los da\u00f1os causados \u200b\u200bpor \u00e9l. Se solicita al inquilino que verifique el inventario de la propiedad de alquiler a su llegada y que informe cualquier defecto al propietario o a 7mallorca dentro de las 24 horas para que se puedan tomar medidas correctivas.<br \/>\nSe requiere la aprobaci\u00f3n previa de 7mallorca para llevar mascotas con usted. El arrendatario es responsable de los da\u00f1os causados \u200b\u200bpor el animal.<\/p>\n<p>en da\u00f1os al propietario\/administrador de la propiedad vacacional y a 7mallorca.<br \/>\n<em>\u00abNo te preocupes, siempre se puede romper algo y lo arreglaremos lo antes posible\u00bb.<\/em>&lt;\/ p&gt;<\/p>\n<h2>4. Derecho de desistimiento<\/h2>\n<p>El inquilino debe desistir del contrato por escrito (por correo electr\u00f3nico). Se cobrar\u00e1n las siguientes tarifas de cancelaci\u00f3n en caso de cancelaci\u00f3n:<\/p>\n<p>Cancelaci\u00f3n hasta 90 d\u00edas antes del inicio del per\u00edodo de alquiler: 30% del precio del alquiler<br \/>\nCancelaci\u00f3n de 89 a 60 d\u00edas antes del inicio del per\u00edodo de alquiler: 50% del precio del alquiler<br \/>\nCancelaci\u00f3n del 59 al 30 d\u00edas antes del inicio del periodo de alquiler: 80% del precio del alquiler<br \/>\n100% del precio del alquiler en caso de cancelaci\u00f3n posterior o cancelaci\u00f3n el d\u00eda de llegada.<\/p>\n<p>El recibo de la bandeja de entrada \/ fax \/ correo electr\u00f3nico en 7mallorca es decisivo para el c\u00e1lculo de los gastos de cancelaci\u00f3n.<br \/>\nSi se proporciona un inquilino de reemplazo adecuado o el organizador alquila la propiedad a un tercero, los gastos de cancelaci\u00f3n de el per\u00edodo de arrendamiento posterior no se aplica.<\/p>\n<h2>5. Derecho de desistimiento &#8211; 7mallorca<\/h2>\n<p>7mallorca puede rescindir el contrato sin previo aviso:<br \/>\na. Si el arrendatario o un compa\u00f1ero de viaje dolosamente causa da\u00f1o a la propiedad alquilada.<br \/>\nb. Si el inquilino o un compa\u00f1ero de viaje no cumple con las reglas de la casa existentes y molesta o pone en peligro a otras personas de manera inapropiada.<br \/>\nc. Si el inquilino no ha pagado el saldo del precio de alquiler seg\u00fan lo acordado.<\/p>\n<h2>6. Servicios Adicionales<\/h2>\n<p>Aparte del alquiler vacacional, 7mallorca no ofrece ning\u00fan otro servicio. Cualquier servicio adicional como trabajos de limpieza o conserjer\u00eda, tintorer\u00eda, catering, etc. debe ser contratado independientemente de 7mallorca.<\/p>\n<h2>7. Disposici\u00f3n final<\/h2>\n<p>a) Elecci\u00f3n de la ley:<br \/>\nLa ley espa\u00f1ola se aplica a la relaci\u00f3n contractual entre 7mallorca y el cliente, as\u00ed como a la relaci\u00f3n contractual entre el cliente y el propietario\/administrador de la casa de vacaciones.<br \/>\nb) Jurisdicci\u00f3n:&lt; br \/&gt;El lugar de jurisdicci\u00f3n para todas las controversias derivadas del citado contrato de mediaci\u00f3n es Palma de Mallorca.<\/p>\n<p>Estado: Mayo 2022<br \/>\n<strong>Tu equipo 7mallorca<\/strong><br \/>\nBurghaus Garcia S.L.<br \/>\nRonda de Felanitx 45A<br \/>\nE-07500 Manacor, Mallorca<\/p>\n<p>NIF: B57843633[\/vc_column_text][\/vc_column][\/vc_row]<\/p>\n","protected":false},"excerpt":{"rendered":"<p>[vc_row][vc_column][vc_column_text]\u00bbNosotros, 7mallorca, actuaremos para usted seg\u00fan nuestro leal saber y entender: sus vacaciones de verano deben seguir siendo hermosas, relajantes &#8230;<\/p>\n","protected":false},"author":2,"featured_media":0,"parent":0,"menu_order":0,"comment_status":"closed","ping_status":"closed","template":"","meta":[],"acf":[],"yoast_head":"<!-- This site is optimized with the Yoast SEO plugin v17.8 - https:\/\/yoast.com\/wordpress\/plugins\/seo\/ -->\n<title>T\u00e9rminos y Condiciones - 7mallorca.com<\/title>\n<meta name=\"robots\" content=\"index, follow, max-snippet:-1, max-image-preview:large, max-video-preview:-1\" \/>\n<link rel=\"canonical\" href=\"https:\/\/7mallorca.com\/es\/terminos-y-condiciones\/\" \/>\n<meta property=\"og:locale\" content=\"es_ES\" \/>\n<meta property=\"og:type\" content=\"article\" \/>\n<meta property=\"og:title\" content=\"T\u00e9rminos y Condiciones - 7mallorca.com\" \/>\n<meta property=\"og:description\" content=\"[vc_row][vc_column][vc_column_text]\u00bbNosotros, 7mallorca, actuaremos para usted seg\u00fan nuestro leal saber y entender: sus vacaciones de verano deben seguir siendo hermosas, relajantes ...\" \/>\n<meta property=\"og:url\" content=\"https:\/\/7mallorca.com\/es\/terminos-y-condiciones\/\" \/>\n<meta property=\"og:site_name\" content=\"7mallorca.com\" \/>\n<meta property=\"article:publisher\" content=\"https:\/\/www.facebook.com\/profile.php?id=61561583006364\" \/>\n<meta property=\"article:modified_time\" content=\"2022-05-31T15:10:18+00:00\" \/>\n<meta property=\"og:image\" content=\"https:\/\/7mallorca.com\/wp-content\/uploads\/2018\/10\/ein-ferienhaus-finca-pool-meerblick-malorca-900x598.jpg\" \/>\n\t<meta property=\"og:image:width\" content=\"900\" \/>\n\t<meta property=\"og:image:height\" content=\"598\" \/>\n<meta name=\"twitter:card\" content=\"summary_large_image\" \/>\n<meta name=\"twitter:label1\" content=\"Tiempo de lectura\" \/>\n\t<meta name=\"twitter:data1\" content=\"6 minutos\" \/>\n<script type=\"application\/ld+json\" class=\"yoast-schema-graph\">{\"@context\":\"https:\/\/schema.org\",\"@graph\":[{\"@type\":\"Organization\",\"@id\":\"https:\/\/7mallorca.com\/es\/#organization\",\"name\":\"7mallorca\",\"url\":\"https:\/\/7mallorca.com\/es\/\",\"sameAs\":[\"https:\/\/www.facebook.com\/profile.php?id=61561583006364\",\"https:\/\/www.instagram.com\/7mallorca_holiday_rentals\/\"],\"logo\":{\"@type\":\"ImageObject\",\"@id\":\"https:\/\/7mallorca.com\/es\/#logo\",\"inLanguage\":\"es\",\"url\":\"https:\/\/7mallorca.com\/wp-content\/uploads\/2020\/06\/7mallorca.ferienhaus.png\",\"contentUrl\":\"https:\/\/7mallorca.com\/wp-content\/uploads\/2020\/06\/7mallorca.ferienhaus.png\",\"width\":600,\"height\":95,\"caption\":\"7mallorca\"},\"image\":{\"@id\":\"https:\/\/7mallorca.com\/es\/#logo\"}},{\"@type\":\"WebSite\",\"@id\":\"https:\/\/7mallorca.com\/es\/#website\",\"url\":\"https:\/\/7mallorca.com\/es\/\",\"name\":\"7mallorca.com\",\"description\":\" 7mallorca.com, Ferienhaus auf Mallorca Mieten Sie hier eine Finca oder ein Ferienhaus f\\u00fcr Ihren Urlaub auf Mallorca\",\"publisher\":{\"@id\":\"https:\/\/7mallorca.com\/es\/#organization\"},\"potentialAction\":[{\"@type\":\"SearchAction\",\"target\":{\"@type\":\"EntryPoint\",\"urlTemplate\":\"https:\/\/7mallorca.com\/es\/?s={search_term_string}\"},\"query-input\":\"required name=search_term_string\"}],\"inLanguage\":\"es\"},{\"@type\":\"WebPage\",\"@id\":\"https:\/\/7mallorca.com\/es\/terminos-y-condiciones\/#webpage\",\"url\":\"https:\/\/7mallorca.com\/es\/terminos-y-condiciones\/\",\"name\":\"T\\u00e9rminos y Condiciones - 7mallorca.com\",\"isPartOf\":{\"@id\":\"https:\/\/7mallorca.com\/es\/#website\"},\"datePublished\":\"2018-07-25T23:44:33+00:00\",\"dateModified\":\"2022-05-31T15:10:18+00:00\",\"breadcrumb\":{\"@id\":\"https:\/\/7mallorca.com\/es\/terminos-y-condiciones\/#breadcrumb\"},\"inLanguage\":\"es\",\"potentialAction\":[{\"@type\":\"ReadAction\",\"target\":[\"https:\/\/7mallorca.com\/es\/terminos-y-condiciones\/\"]}]},{\"@type\":\"BreadcrumbList\",\"@id\":\"https:\/\/7mallorca.com\/es\/terminos-y-condiciones\/#breadcrumb\",\"itemListElement\":[{\"@type\":\"ListItem\",\"position\":1,\"name\":\"Home\",\"item\":\"https:\/\/7mallorca.com\/es\/\"},{\"@type\":\"ListItem\",\"position\":2,\"name\":\"T\\u00e9rminos y Condiciones\"}]}]}<\/script>\n<!-- \/ Yoast SEO plugin. -->","yoast_head_json":{"title":"T\u00e9rminos y Condiciones - 7mallorca.com","robots":{"index":"index","follow":"follow","max-snippet":"max-snippet:-1","max-image-preview":"max-image-preview:large","max-video-preview":"max-video-preview:-1"},"canonical":"https:\/\/7mallorca.com\/es\/terminos-y-condiciones\/","og_locale":"es_ES","og_type":"article","og_title":"T\u00e9rminos y Condiciones - 7mallorca.com","og_description":"[vc_row][vc_column][vc_column_text]\u00bbNosotros, 7mallorca, actuaremos para usted seg\u00fan nuestro leal saber y entender: sus vacaciones de verano deben seguir siendo hermosas, relajantes ...","og_url":"https:\/\/7mallorca.com\/es\/terminos-y-condiciones\/","og_site_name":"7mallorca.com","article_publisher":"https:\/\/www.facebook.com\/profile.php?id=61561583006364","article_modified_time":"2022-05-31T15:10:18+00:00","og_image":[{"width":900,"height":598,"url":"https:\/\/7mallorca.com\/wp-content\/uploads\/2018\/10\/ein-ferienhaus-finca-pool-meerblick-malorca-900x598.jpg","type":"image\/jpeg"}],"twitter_card":"summary_large_image","twitter_misc":{"Tiempo de lectura":"6 minutos"},"schema":{"@context":"https:\/\/schema.org","@graph":[{"@type":"Organization","@id":"https:\/\/7mallorca.com\/es\/#organization","name":"7mallorca","url":"https:\/\/7mallorca.com\/es\/","sameAs":["https:\/\/www.facebook.com\/profile.php?id=61561583006364","https:\/\/www.instagram.com\/7mallorca_holiday_rentals\/"],"logo":{"@type":"ImageObject","@id":"https:\/\/7mallorca.com\/es\/#logo","inLanguage":"es","url":"https:\/\/7mallorca.com\/wp-content\/uploads\/2020\/06\/7mallorca.ferienhaus.png","contentUrl":"https:\/\/7mallorca.com\/wp-content\/uploads\/2020\/06\/7mallorca.ferienhaus.png","width":600,"height":95,"caption":"7mallorca"},"image":{"@id":"https:\/\/7mallorca.com\/es\/#logo"}},{"@type":"WebSite","@id":"https:\/\/7mallorca.com\/es\/#website","url":"https:\/\/7mallorca.com\/es\/","name":"7mallorca.com","description":" 7mallorca.com, Ferienhaus auf Mallorca Mieten Sie hier eine Finca oder ein Ferienhaus f\u00fcr Ihren Urlaub auf Mallorca","publisher":{"@id":"https:\/\/7mallorca.com\/es\/#organization"},"potentialAction":[{"@type":"SearchAction","target":{"@type":"EntryPoint","urlTemplate":"https:\/\/7mallorca.com\/es\/?s={search_term_string}"},"query-input":"required name=search_term_string"}],"inLanguage":"es"},{"@type":"WebPage","@id":"https:\/\/7mallorca.com\/es\/terminos-y-condiciones\/#webpage","url":"https:\/\/7mallorca.com\/es\/terminos-y-condiciones\/","name":"T\u00e9rminos y Condiciones - 7mallorca.com","isPartOf":{"@id":"https:\/\/7mallorca.com\/es\/#website"},"datePublished":"2018-07-25T23:44:33+00:00","dateModified":"2022-05-31T15:10:18+00:00","breadcrumb":{"@id":"https:\/\/7mallorca.com\/es\/terminos-y-condiciones\/#breadcrumb"},"inLanguage":"es","potentialAction":[{"@type":"ReadAction","target":["https:\/\/7mallorca.com\/es\/terminos-y-condiciones\/"]}]},{"@type":"BreadcrumbList","@id":"https:\/\/7mallorca.com\/es\/terminos-y-condiciones\/#breadcrumb","itemListElement":[{"@type":"ListItem","position":1,"name":"Home","item":"https:\/\/7mallorca.com\/es\/"},{"@type":"ListItem","position":2,"name":"T\u00e9rminos y Condiciones"}]}]}},"_links":{"self":[{"href":"https:\/\/7mallorca.com\/es\/wp-json\/wp\/v2\/pages\/43731"}],"collection":[{"href":"https:\/\/7mallorca.com\/es\/wp-json\/wp\/v2\/pages"}],"about":[{"href":"https:\/\/7mallorca.com\/es\/wp-json\/wp\/v2\/types\/page"}],"author":[{"embeddable":true,"href":"https:\/\/7mallorca.com\/es\/wp-json\/wp\/v2\/users\/2"}],"replies":[{"embeddable":true,"href":"https:\/\/7mallorca.com\/es\/wp-json\/wp\/v2\/comments?post=43731"}],"version-history":[{"count":0,"href":"https:\/\/7mallorca.com\/es\/wp-json\/wp\/v2\/pages\/43731\/revisions"}],"wp:attachment":[{"href":"https:\/\/7mallorca.com\/es\/wp-json\/wp\/v2\/media?parent=43731"}],"curies":[{"name":"wp","href":"https:\/\/api.w.org\/{rel}","templated":true}]}}